{"id":3976,"date":"2022-11-17T15:52:52","date_gmt":"2022-11-17T14:52:52","guid":{"rendered":"https:\/\/degussa-staging.detail-digital.ch\/?page_id=3976"},"modified":"2022-12-13T11:45:47","modified_gmt":"2022-12-13T10:45:47","slug":"data-privacy-statement","status":"publish","type":"page","link":"https:\/\/www.degussa-mp.es\/en\/data-privacy-statement","title":{"rendered":"Data Privacy Statement"},"content":{"rendered":"\t\t<div data-elementor-type=\"wp-page\" data-elementor-id=\"3976\" class=\"elementor elementor-3976 elementor-6338\" data-elementor-post-type=\"page\">\n\t\t\t\t\t\t<section class=\"elementor-section elementor-top-section elementor-element elementor-element-97b6f99 elementor-section-boxed elementor-section-height-default elementor-section-height-default\" data-id=\"97b6f99\" data-element_type=\"section\" data-e-type=\"section\">\n\t\t\t\t\t\t<div class=\"elementor-container elementor-column-gap-default\">\n\t\t\t\t\t<div class=\"elementor-column elementor-col-100 elementor-top-column elementor-element elementor-element-dc7b70f\" data-id=\"dc7b70f\" data-element_type=\"column\" data-e-type=\"column\">\n\t\t\t<div class=\"elementor-widget-wrap elementor-element-populated\">\n\t\t\t\t\t\t<div class=\"elementor-element elementor-element-fe0b7b8 elementor-widget elementor-widget-subnav\" data-id=\"fe0b7b8\" data-element_type=\"widget\" data-e-type=\"widget\" data-widget_type=\"subnav.default\">\n\t\t\t\t<div class=\"elementor-widget-container\">\n\t\t\t\t\t        <div class=\"degussa-subnav-container subnav gold\">\n            \n        <\/div>\n        <div class=\"degussa-subnav-container empty\"><\/div>\n\n\t\t        \t\t\t\t<\/div>\n\t\t\t\t<\/div>\n\t\t\t\t\t<\/div>\n\t\t<\/div>\n\t\t\t\t\t<\/div>\n\t\t<\/section>\n\t\t\t\t<section class=\"elementor-section elementor-top-section elementor-element elementor-element-68840a7 elementor-section-boxed elementor-section-height-default elementor-section-height-default\" data-id=\"68840a7\" data-element_type=\"section\" data-e-type=\"section\">\n\t\t\t\t\t\t<div class=\"elementor-container elementor-column-gap-default\">\n\t\t\t\t\t<div class=\"elementor-column elementor-col-100 elementor-top-column elementor-element elementor-element-972bfc9\" data-id=\"972bfc9\" data-element_type=\"column\" data-e-type=\"column\">\n\t\t\t<div class=\"elementor-widget-wrap elementor-element-populated\">\n\t\t\t\t\t\t<div class=\"elementor-element elementor-element-62efd19 elementor-widget elementor-widget-heading\" data-id=\"62efd19\" data-element_type=\"widget\" data-e-type=\"widget\" data-widget_type=\"heading.default\">\n\t\t\t\t<div class=\"elementor-widget-container\">\n\t\t\t\t\t<h1 class=\"elementor-heading-title elementor-size-default\">Data Privacy Statement<\/h1>\t\t\t\t<\/div>\n\t\t\t\t<\/div>\n\t\t\t\t\t<\/div>\n\t\t<\/div>\n\t\t\t\t\t<\/div>\n\t\t<\/section>\n\t\t\t\t<section class=\"elementor-section elementor-top-section elementor-element elementor-element-9a4c209 elementor-section-boxed elementor-section-height-default elementor-section-height-default\" data-id=\"9a4c209\" data-element_type=\"section\" data-e-type=\"section\">\n\t\t\t\t\t\t<div class=\"elementor-container elementor-column-gap-default\">\n\t\t\t\t\t<div class=\"elementor-column elementor-col-100 elementor-top-column elementor-element elementor-element-34afcb1\" data-id=\"34afcb1\" data-element_type=\"column\" data-e-type=\"column\">\n\t\t\t<div class=\"elementor-widget-wrap elementor-element-populated\">\n\t\t\t\t\t\t<div class=\"elementor-element elementor-element-c845ee4 elementor-widget elementor-widget-contentstack\" data-id=\"c845ee4\" data-element_type=\"widget\" data-e-type=\"widget\" data-widget_type=\"contentstack.default\">\n\t\t\t\t<div class=\"elementor-widget-container\">\n\t\t\t\t\t<div class=\"content-stack\"><style>.elementor-widget-text-editor{font-family:var( --e-global-typography-text-font-family ), Sans-serif;font-size:var( --e-global-typography-text-font-size );font-weight:var( --e-global-typography-text-font-weight );line-height:var( --e-global-typography-text-line-height );color:var( --e-global-color-text );}.elementor-widget-text-editor.elementor-drop-cap-view-stacked .elementor-drop-cap{background-color:var( --e-global-color-primary );}.elementor-widget-text-editor.elementor-drop-cap-view-framed .elementor-drop-cap, .elementor-widget-text-editor.elementor-drop-cap-view-default .elementor-drop-cap{color:var( --e-global-color-primary );border-color:var( --e-global-color-primary );}@media(max-width:1024px){.elementor-widget-text-editor{font-size:var( --e-global-typography-text-font-size );line-height:var( --e-global-typography-text-line-height );}}@media(max-width:767px){.elementor-widget-text-editor{font-size:var( --e-global-typography-text-font-size );line-height:var( --e-global-typography-text-line-height );}}<\/style>\t\t<div data-elementor-type=\"section\" data-elementor-id=\"3978\" class=\"elementor elementor-3978 elementor-10638 elementor-10638\" data-elementor-post-type=\"elementor_library\">\n\t\t\t\t\t<section class=\"elementor-section elementor-top-section elementor-element elementor-element-05aad19 elementor-section-boxed elementor-section-height-default elementor-section-height-default\" data-id=\"05aad19\" data-element_type=\"section\" data-e-type=\"section\">\n\t\t\t\t\t\t<div class=\"elementor-container elementor-column-gap-no\">\n\t\t\t\t\t<div class=\"elementor-column elementor-col-100 elementor-top-column elementor-element elementor-element-d2b9bef\" data-id=\"d2b9bef\" data-element_type=\"column\" data-e-type=\"column\">\n\t\t\t<div class=\"elementor-widget-wrap elementor-element-populated\">\n\t\t\t\t\t\t<section class=\"elementor-section elementor-inner-section elementor-element elementor-element-9a69e2b elementor-section-boxed elementor-section-height-default elementor-section-height-default\" data-id=\"9a69e2b\" data-element_type=\"section\" data-e-type=\"section\">\n\t\t\t\t\t\t<div class=\"elementor-container elementor-column-gap-default\">\n\t\t\t\t\t<div class=\"elementor-column elementor-col-100 elementor-inner-column elementor-element elementor-element-43fd10c\" data-id=\"43fd10c\" data-element_type=\"column\" data-e-type=\"column\">\n\t\t\t<div class=\"elementor-widget-wrap elementor-element-populated\">\n\t\t\t\t\t\t<div class=\"elementor-element elementor-element-d056c47 elementor-widget elementor-widget-text-editor\" data-id=\"d056c47\" data-element_type=\"widget\" data-e-type=\"widget\" data-widget_type=\"text-editor.default\">\n\t\t\t\t<div class=\"elementor-widget-container\">\n\t\t\t\t\t\t\t\t\t<h2>La protecci\u00f3n de sus datos nos resulta de gran importancia<\/h2><p>La p\u00e1gina web <strong>www.degussa-mp.es<\/strong> y la tienda web integrada en la misma (en adelante denominadas conjuntamente la \u201cp\u00e1gina web\u201d) son gestionadas por Degussa Metales Preciosos, S.L. C\/ Vel\u00e1zquez 2, 28001 Madrid (en adelante, \u00abDegussa\u00bb o \u00abnosotros\u00bb). Proteger sus datos personales es nuestra principal preocupaci\u00f3n. Como parte de esta Pol\u00edtica de Privacidad, le informamos del tipo, \u00e1mbito y objeto de la recogida, tratamiento y uso de sus datos personales.<\/p><h2>1. Principios<\/h2><p>Nosotros recabamos, tratamos y utilizamos sus datos personales de acuerdo con la legislaci\u00f3n de protecci\u00f3n de datos aplicable. Se entiende por datos personales cualquier informaci\u00f3n relativa a una persona f\u00edsica determinada o determinable. Estos incluyen, por ejemplo, su nombre, su direcci\u00f3n, su correo electr\u00f3nico y su n\u00famero de tel\u00e9fono.<\/p><h2>2. Uso de Sus Datos<\/h2><p>Para la mera navegaci\u00f3n por la p\u00e1gina web, no es necesario que nos facilite ning\u00fan dato personal (como por ejemplo su nombre y direcci\u00f3n de correo electr\u00f3nico). Nosotros recabamos, tratamos y utilizamos los datos personales facilitados por usted, por ejemplo, en los siguientes casos:<\/p><h3>2.1. Creaci\u00f3n de una Cuenta de Cliente<\/h3><p>Tiene la posibilidad de crear una cuenta personal en nuestra p\u00e1gina web. Con su cuenta de cliente, podr\u00e1 almacenar c\u00f3modamente su informaci\u00f3n personal en nuestro sistema para futuros pedidos. La siguiente informaci\u00f3n es necesaria para la creaci\u00f3n de una cuenta de cliente: nombre y apellidos, fecha de nacimiento, n\u00famero de tel\u00e9fono, correo electr\u00f3nico, NIF y una contrase\u00f1a de su elecci\u00f3n. Para los clientes profesionales, los datos de contacto de los representantes que nos facilite han de ser datos profesionales. Una vez llevado a cabo el registro con \u00e9xito, podr\u00e1 incluir su direcci\u00f3n de facturaci\u00f3n y de entrega para futuros pedidos. La direcci\u00f3n de correo electr\u00f3nico que haya proporcionado servir\u00e1 como c\u00f3digo de acceso a la cuenta. Podr\u00e1 modificar la informaci\u00f3n en cualquier momento mediante el acceso a su cuenta o conforme se indica en el apartado 5. Derechos y Preguntas sobre Protecci\u00f3n de Datos. Tan pronto como se produzca el registro, recibir\u00e1 autom\u00e1ticamente un correo electr\u00f3nico confirm\u00e1ndole la creaci\u00f3n de su cuenta. Por favor, mantenga de forma confidencial su identificaci\u00f3n de acceso y contrase\u00f1a.<\/p><h3>2.2. Compra de un producto<\/h3><p>En el proceso de compra, recabaremos, trataremos y utilizaremos sus datos personales para establecer, implementar y suscribir contratos de compraventa con Usted. Lo anterior incluye la cesi\u00f3n de sus datos a terceros en la medida en que sea necesario para la propia ejecuci\u00f3n y control de su relaci\u00f3n contractual con nosotros as\u00ed como para el cumplimiento de nuestras obligaciones legales.<\/p><h3>2.3. Formas de Contacto<\/h3><p>Puede contactar con nosotros directamente o solicitarnos informaci\u00f3n por medio de los formularios de contacto incluidos en nuestra p\u00e1gina web. La informaci\u00f3n de contacto ser\u00e1 recabada, tratada y utilizada \u00fanicamente para procesar su consulta.<\/p><h3>2.4. Finalidades publicitarias<\/h3><p><a id=\"Cookie\"><\/a><br \/>Si as\u00ed nos lo autoriza al recabar sus datos, utilizaremos los datos que nos facilite conforme a los apartados anteriores para la creaci\u00f3n de perfiles de usuarios para remitirle informaci\u00f3n sobre productos y servicios relacionados o realizar estudios de mercado sobre el oro, por cualesquiera medios, incluidos los electr\u00f3nicos.<\/p><h3>3. Pol\u00edtica de Cookies<\/h3><p>Las cookies son peque\u00f1os archivos de texto que se guardan en su ordenador y que nos permiten reconocer su navegador.<br \/>Cuando accede a nuestra p\u00e1gina web, nuestras cookies permiten que su navegador de Internet nos transmita cierta informaci\u00f3n a nuestro servidor. Esto incluye la fecha y hora del acceso, la URL (direcci\u00f3n de Internet) de la p\u00e1gina web de origen, el archivo recuperado, el volumen de datos transmitidos, el tipo y versi\u00f3n de navegador as\u00ed como informaci\u00f3n sobre su sistema operativo. No resulta posible atribuir la informaci\u00f3n recabada a ninguna persona en concreto. Esta informaci\u00f3n nos permite hacer su visita a nuestra p\u00e1gina web m\u00e1s atractiva as\u00ed como mejorar la adecuaci\u00f3n y calidad de los servicios proporcionados en p\u00e1gina web.<\/p><p>Seg\u00fan lo dispuesto en el art\u00edculo 22.2 de la Ley 34\/2002, de 11 de julio, de Servicios de la Sociedad de la Informaci\u00f3n y de Comercio Electr\u00f3nico (LSSI-CE), informamos que utilizamos cookies estrictamente necesarias y cookies anal\u00edticas:<\/p><ul><li>cookies estrictamente necesarias: cookies de sesi\u00f3n [propias\/de terceros] estrictamente necesarias para la prestaci\u00f3n de los servicios de puesta a su disposici\u00f3n de un carrito de la compra para sus pedidos en la p\u00e1gina web y acceso a su cuenta de cliente; si desactiva estas cookies, no podremos prestarle los mencionados servicios. Todas las cookies de sesi\u00f3n son eliminadas autom\u00e1ticamente cuando abandona la p\u00e1gina web.<\/li><li>cookies anal\u00edticas \u201cGoogle Analytics\u201d: Almacena cookies para poder elaborar estad\u00edsticas sobre el tr\u00e1fico y volumen de visitas de esta web. Al utilizar este sitio web est\u00e1 consintiendo el tratamiento de informaci\u00f3n acerca de usted por Google. Por tanto, el ejercicio de cualquier derecho en este sentido deber\u00e1 hacerlo comunicando directamente con Google. Las cookies de Google Analytics, se almacenan en servidores ubicados en Estados Unidos y se compromete a no compartirla con terceros, excepto en los casos en los que sea necesario para el funcionamiento del sistema o cuando la ley obligue a tal efecto. Seg\u00fan Google no guarda su direcci\u00f3n IP.Google Inc. es una compa\u00f1\u00eda adherida a \u201cPrivacy Shiels\u201d (escudo de privacidad) que garantiza que todos los datos transferidos ser\u00e1n tratados con un nivel de protecci\u00f3n acorde a la normativa europea. Puede consultar informaci\u00f3n detallada a este respecto a trav\u00e9s del siguiente enlace:\u00a0 <a href=\"https:\/\/support.google.com\/analytics\/answer\/6004245\" target=\"_blank\" rel=\"noopener\">https:\/\/support.google.com\/analytics\/answer\/6004245<\/a>.<br \/>Si lo desea puede utilizar el Complemento de inhabilitaci\u00f3n para navegadores de Google Analytics a trav\u00e9s de cuyas instrucciones pueden rechazarse las cookies anal\u00edticas de dicho servicio en todos los navegadores. Puede consultar m\u00e1s informaci\u00f3n al respecto en el siguiente enlace: <a href=\"https:\/\/tools.google.com\/dlpage\/gaoptout\" target=\"_blank\" rel=\"noopener\">https:\/\/tools.google.com\/dlpage\/gaoptout<\/a>.<\/li><\/ul><p>Asimismo, informamos al usuario de que tiene la posibilidad de configurar su navegador de modo que se le informe de la recepci\u00f3n de cookies, pudiendo, si as\u00ed lo desea, impedir que sean instaladas en su disco duro.<\/p><p>A continuaci\u00f3n le proporcionamos los enlaces de diversos navegadores, a trav\u00e9s de los cuales podr\u00e1 realizar dicha configuraci\u00f3n:<\/p><p><strong>\u2013<\/strong> <strong>Firefox desde aqu\u00ed:<\/strong><br \/><a href=\"https:\/\/support.mozilla.org\/es\/kb\/habilitar-y-deshabilitar-cookies-sitios-web-rastrear-preferencias?redirectlocale=es&amp;redirectslug=habilitar-y-deshabilitar-cookies-que-los-sitios-we\" target=\"_blank\" rel=\"noopener\">https:\/\/support.mozilla.org\/es\/kb\/habilitar-y-deshabilitar-cookies-sitios-web-rastrear-preferencias?redirectlocale=es&amp;redirectslug=habilitar-y-deshabilitar-cookies-que-los-sitios-we<\/a><\/p><p><strong>\u2013<\/strong> <strong>Chrome desde aqu\u00ed:<\/strong><br \/><a href=\"https:\/\/support.google.com\/chrome\/answer\/95647?hl=es\" target=\"_blank\" rel=\"noopener\">https:\/\/support.google.com\/chrome\/answer\/95647?hl=es<\/a><\/p><p><strong>\u2013 Safari desde aqu\u00ed:<\/strong><br \/><a href=\"https:\/\/support.apple.com\/kb\/ph17191?locale=es_ES\" target=\"_blank\" rel=\"noopener\">https:\/\/support.apple.com\/kb\/ph17191?locale=es_ES<\/a><\/p><p><strong>\u2013 Opera desde aqu\u00ed:<\/strong><br \/><a href=\"http:\/\/help.opera.com\/Windows\/11.50\/es-ES\/cookies.html\" target=\"_blank\" rel=\"noopener\">http:\/\/help.opera.com\/Windows\/11.50\/es-ES\/cookies.html<\/a><\/p><h2>4. Derechos y Preguntas sobre Protecci\u00f3n de Datos<\/h2><p>Bajo la legislaci\u00f3n de protecci\u00f3n de datos, tiene derecho a recibir informaci\u00f3n -de forma gratuita- sobre todos aquellos datos suyos que hayan sido almacenados por nosotros. Puede, asimismo, solicitar la rectificaci\u00f3n y\/o cancelaci\u00f3n de datos personales y oponerse, en cualquier momento, a determinados tratamientos de datos (p.ej., la creaci\u00f3n de perfiles de usuarios con objetivos publicitarios, de estudios de mercado o de optimizaci\u00f3n de nuestra p\u00e1gina web). La revocaci\u00f3n de su consentimiento tendr\u00e1 efectos a partir de ese momento. Asimismo, estaremos encantados de responder a cualesquiera otras preguntas sobre protecci\u00f3n de datos y el tratamiento de sus datos. Para el ejercicio de los derechos anteriormente indicados as\u00ed como para contactar con nosotros, dir\u00edjase a la direcci\u00f3n de correo electr\u00f3nico <a href=\"mailto:info@degussa-mp.es\">info@degussa-mp.es<\/a>. Por supuesto, puede asimismo contactar con nosotros empleando para ello la informaci\u00f3n facilitada bajo el apartado \u201cContacto\u201d en la p\u00e1gina titulada \u201cSobre la Empresa\u201d de la p\u00e1gina web.<\/p>\t\t\t\t\t\t\t\t<\/div>\n\t\t\t\t<\/div>\n\t\t\t\t\t<\/div>\n\t\t<\/div>\n\t\t\t\t\t<\/div>\n\t\t<\/section>\n\t\t\t\t\t<\/div>\n\t\t<\/div>\n\t\t\t\t\t<\/div>\n\t\t<\/section>\n\t\t\t\t<\/div>\n\t\t<\/div>        \t\t\t\t<\/div>\n\t\t\t\t<\/div>\n\t\t\t\t\t<\/div>\n\t\t<\/div>\n\t\t\t\t\t<\/div>\n\t\t<\/section>\n\t\t\t\t<\/div>\n\t\t","protected":false},"excerpt":{"rendered":"<p>Data Privacy Statement La protecci\u00f3n de sus datos nos resulta de gran importancia La p\u00e1gina web www.degussa-mp.es y la tienda web integrada en la misma (en adelante denominadas conjuntamente la \u201cp\u00e1gina web\u201d) son gestionadas por Degussa Metales Preciosos, S.L. C\/ Vel\u00e1zquez 2, 28001 Madrid (en adelante, \u00abDegussa\u00bb o \u00abnosotros\u00bb). Proteger sus datos personales es nuestra [&hellip;]<\/p>\n","protected":false},"author":1,"featured_media":0,"parent":0,"menu_order":11,"comment_status":"closed","ping_status":"closed","template":"elementor_header_footer","meta":{"_acf_changed":false,"inline_featured_image":false,"footnotes":""},"class_list":["post-3976","page","type-page","status-publish","hentry"],"acf":[],"yoast_head":"<!-- This site is optimized with the Yoast SEO plugin v23.6 - https:\/\/yoast.com\/wordpress\/plugins\/seo\/ -->\n<title>Data Privacy Statement - Degussa<\/title>\n<meta name=\"robots\" content=\"index, follow, max-snippet:-1, max-image-preview:large, max-video-preview:-1\" \/>\n<link rel=\"canonical\" href=\"https:\/\/www.degussa-mp.es\/en\/data-privacy-statement\" \/>\n<meta property=\"og:locale\" content=\"en_US\" \/>\n<meta property=\"og:type\" content=\"article\" \/>\n<meta property=\"og:title\" content=\"Data Privacy Statement - Degussa\" \/>\n<meta property=\"og:description\" content=\"Data Privacy Statement La protecci\u00f3n de sus datos nos resulta de gran importancia La p\u00e1gina web www.degussa-mp.es y la tienda web integrada en la misma (en adelante denominadas conjuntamente la \u201cp\u00e1gina web\u201d) son gestionadas por Degussa Metales Preciosos, S.L. C\/ Vel\u00e1zquez 2, 28001 Madrid (en adelante, \u00abDegussa\u00bb o \u00abnosotros\u00bb). Proteger sus datos personales es nuestra [&hellip;]\" \/>\n<meta property=\"og:url\" content=\"https:\/\/www.degussa-mp.es\/en\/data-privacy-statement\" \/>\n<meta property=\"og:site_name\" content=\"Degussa\" \/>\n<meta property=\"article:modified_time\" content=\"2022-12-13T10:45:47+00:00\" \/>\n<meta name=\"twitter:card\" content=\"summary_large_image\" \/>\n<meta name=\"twitter:label1\" content=\"Est. reading time\" \/>\n\t<meta name=\"twitter:data1\" content=\"7 minutes\" \/>\n<script type=\"application\/ld+json\" class=\"yoast-schema-graph\">{\"@context\":\"https:\/\/schema.org\",\"@graph\":[{\"@type\":\"WebPage\",\"@id\":\"https:\/\/www.degussa-mp.es\/en\/data-privacy-statement\",\"url\":\"https:\/\/www.degussa-mp.es\/en\/data-privacy-statement\",\"name\":\"Data Privacy Statement - Degussa\",\"isPartOf\":{\"@id\":\"https:\/\/www.degussa-mp.es\/#website\"},\"datePublished\":\"2022-11-17T14:52:52+00:00\",\"dateModified\":\"2022-12-13T10:45:47+00:00\",\"breadcrumb\":{\"@id\":\"https:\/\/www.degussa-mp.es\/en\/data-privacy-statement#breadcrumb\"},\"inLanguage\":\"en-US\",\"potentialAction\":[{\"@type\":\"ReadAction\",\"target\":[\"https:\/\/www.degussa-mp.es\/en\/data-privacy-statement\"]}]},{\"@type\":\"BreadcrumbList\",\"@id\":\"https:\/\/www.degussa-mp.es\/en\/data-privacy-statement#breadcrumb\",\"itemListElement\":[{\"@type\":\"ListItem\",\"position\":1,\"name\":\"Home\",\"item\":\"https:\/\/www.degussa-mp.es\/en\"},{\"@type\":\"ListItem\",\"position\":2,\"name\":\"Data Privacy Statement\"}]},{\"@type\":\"WebSite\",\"@id\":\"https:\/\/www.degussa-mp.es\/#website\",\"url\":\"https:\/\/www.degussa-mp.es\/\",\"name\":\"Degussa\",\"description\":\"ESPECIALISTAS EN METALES PRECIOSOS\",\"publisher\":{\"@id\":\"https:\/\/www.degussa-mp.es\/#organization\"},\"potentialAction\":[{\"@type\":\"SearchAction\",\"target\":{\"@type\":\"EntryPoint\",\"urlTemplate\":\"https:\/\/www.degussa-mp.es\/?s={search_term_string}\"},\"query-input\":{\"@type\":\"PropertyValueSpecification\",\"valueRequired\":true,\"valueName\":\"search_term_string\"}}],\"inLanguage\":\"en-US\"},{\"@type\":\"Organization\",\"@id\":\"https:\/\/www.degussa-mp.es\/#organization\",\"name\":\"Degussa\",\"url\":\"https:\/\/www.degussa-mp.es\/\",\"logo\":{\"@type\":\"ImageObject\",\"inLanguage\":\"en-US\",\"@id\":\"https:\/\/www.degussa-mp.es\/#\/schema\/logo\/image\/\",\"url\":\"https:\/\/www.degussa-mp.es\/wp-content\/uploads\/2022\/04\/Degussa-Goldhandel-Logo.svg\",\"contentUrl\":\"https:\/\/www.degussa-mp.es\/wp-content\/uploads\/2022\/04\/Degussa-Goldhandel-Logo.svg\",\"caption\":\"Degussa\"},\"image\":{\"@id\":\"https:\/\/www.degussa-mp.es\/#\/schema\/logo\/image\/\"}}]}<\/script>\n<!-- \/ Yoast SEO plugin. -->","yoast_head_json":{"title":"Data Privacy Statement - Degussa","robots":{"index":"index","follow":"follow","max-snippet":"max-snippet:-1","max-image-preview":"max-image-preview:large","max-video-preview":"max-video-preview:-1"},"canonical":"https:\/\/www.degussa-mp.es\/en\/data-privacy-statement","og_locale":"en_US","og_type":"article","og_title":"Data Privacy Statement - Degussa","og_description":"Data Privacy Statement La protecci\u00f3n de sus datos nos resulta de gran importancia La p\u00e1gina web www.degussa-mp.es y la tienda web integrada en la misma (en adelante denominadas conjuntamente la \u201cp\u00e1gina web\u201d) son gestionadas por Degussa Metales Preciosos, S.L. C\/ Vel\u00e1zquez 2, 28001 Madrid (en adelante, \u00abDegussa\u00bb o \u00abnosotros\u00bb). Proteger sus datos personales es nuestra [&hellip;]","og_url":"https:\/\/www.degussa-mp.es\/en\/data-privacy-statement","og_site_name":"Degussa","article_modified_time":"2022-12-13T10:45:47+00:00","twitter_card":"summary_large_image","twitter_misc":{"Est. reading time":"7 minutes"},"schema":{"@context":"https:\/\/schema.org","@graph":[{"@type":"WebPage","@id":"https:\/\/www.degussa-mp.es\/en\/data-privacy-statement","url":"https:\/\/www.degussa-mp.es\/en\/data-privacy-statement","name":"Data Privacy Statement - Degussa","isPartOf":{"@id":"https:\/\/www.degussa-mp.es\/#website"},"datePublished":"2022-11-17T14:52:52+00:00","dateModified":"2022-12-13T10:45:47+00:00","breadcrumb":{"@id":"https:\/\/www.degussa-mp.es\/en\/data-privacy-statement#breadcrumb"},"inLanguage":"en-US","potentialAction":[{"@type":"ReadAction","target":["https:\/\/www.degussa-mp.es\/en\/data-privacy-statement"]}]},{"@type":"BreadcrumbList","@id":"https:\/\/www.degussa-mp.es\/en\/data-privacy-statement#breadcrumb","itemListElement":[{"@type":"ListItem","position":1,"name":"Home","item":"https:\/\/www.degussa-mp.es\/en"},{"@type":"ListItem","position":2,"name":"Data Privacy Statement"}]},{"@type":"WebSite","@id":"https:\/\/www.degussa-mp.es\/#website","url":"https:\/\/www.degussa-mp.es\/","name":"Degussa","description":"ESPECIALISTAS EN METALES PRECIOSOS","publisher":{"@id":"https:\/\/www.degussa-mp.es\/#organization"},"potentialAction":[{"@type":"SearchAction","target":{"@type":"EntryPoint","urlTemplate":"https:\/\/www.degussa-mp.es\/?s={search_term_string}"},"query-input":{"@type":"PropertyValueSpecification","valueRequired":true,"valueName":"search_term_string"}}],"inLanguage":"en-US"},{"@type":"Organization","@id":"https:\/\/www.degussa-mp.es\/#organization","name":"Degussa","url":"https:\/\/www.degussa-mp.es\/","logo":{"@type":"ImageObject","inLanguage":"en-US","@id":"https:\/\/www.degussa-mp.es\/#\/schema\/logo\/image\/","url":"https:\/\/www.degussa-mp.es\/wp-content\/uploads\/2022\/04\/Degussa-Goldhandel-Logo.svg","contentUrl":"https:\/\/www.degussa-mp.es\/wp-content\/uploads\/2022\/04\/Degussa-Goldhandel-Logo.svg","caption":"Degussa"},"image":{"@id":"https:\/\/www.degussa-mp.es\/#\/schema\/logo\/image\/"}}]}},"_links":{"self":[{"href":"https:\/\/www.degussa-mp.es\/en\/wp-json\/wp\/v2\/pages\/3976"}],"collection":[{"href":"https:\/\/www.degussa-mp.es\/en\/wp-json\/wp\/v2\/pages"}],"about":[{"href":"https:\/\/www.degussa-mp.es\/en\/wp-json\/wp\/v2\/types\/page"}],"author":[{"embeddable":true,"href":"https:\/\/www.degussa-mp.es\/en\/wp-json\/wp\/v2\/users\/1"}],"replies":[{"embeddable":true,"href":"https:\/\/www.degussa-mp.es\/en\/wp-json\/wp\/v2\/comments?post=3976"}],"version-history":[{"count":8,"href":"https:\/\/www.degussa-mp.es\/en\/wp-json\/wp\/v2\/pages\/3976\/revisions"}],"predecessor-version":[{"id":13049,"href":"https:\/\/www.degussa-mp.es\/en\/wp-json\/wp\/v2\/pages\/3976\/revisions\/13049"}],"wp:attachment":[{"href":"https:\/\/www.degussa-mp.es\/en\/wp-json\/wp\/v2\/media?parent=3976"}],"curies":[{"name":"wp","href":"https:\/\/api.w.org\/{rel}","templated":true}]}}