{"id":3889,"date":"2022-08-03T13:30:43","date_gmt":"2022-08-03T11:30:43","guid":{"rendered":"https:\/\/degussa-staging.detail-digital.ch\/?page_id=3889"},"modified":"2022-12-13T11:42:40","modified_gmt":"2022-12-13T10:42:40","slug":"legal-notice","status":"publish","type":"page","link":"https:\/\/www.degussa-mp.es\/en\/legal-notice","title":{"rendered":"Legal Notice"},"content":{"rendered":"\t\t<div data-elementor-type=\"wp-page\" data-elementor-id=\"3889\" class=\"elementor elementor-3889 elementor-3879\" data-elementor-post-type=\"page\">\n\t\t\t\t\t\t<section class=\"elementor-section elementor-top-section elementor-element elementor-element-d9112f1 elementor-section-boxed elementor-section-height-default elementor-section-height-default\" data-id=\"d9112f1\" data-element_type=\"section\" data-e-type=\"section\">\n\t\t\t\t\t\t<div class=\"elementor-container elementor-column-gap-default\">\n\t\t\t\t\t<div class=\"elementor-column elementor-col-100 elementor-top-column elementor-element elementor-element-5e8dd95\" data-id=\"5e8dd95\" data-element_type=\"column\" data-e-type=\"column\">\n\t\t\t<div class=\"elementor-widget-wrap elementor-element-populated\">\n\t\t\t\t\t\t<div class=\"elementor-element elementor-element-fb41866 elementor-widget elementor-widget-subnav\" data-id=\"fb41866\" data-element_type=\"widget\" data-e-type=\"widget\" data-widget_type=\"subnav.default\">\n\t\t\t\t<div class=\"elementor-widget-container\">\n\t\t\t\t\t        <div class=\"degussa-subnav-container subnav gold\">\n            \n        <\/div>\n        <div class=\"degussa-subnav-container empty\"><\/div>\n\n\t\t        \t\t\t\t<\/div>\n\t\t\t\t<\/div>\n\t\t\t\t\t<\/div>\n\t\t<\/div>\n\t\t\t\t\t<\/div>\n\t\t<\/section>\n\t\t\t\t<section class=\"elementor-section elementor-top-section elementor-element elementor-element-ca86e1e elementor-section-boxed elementor-section-height-default elementor-section-height-default\" data-id=\"ca86e1e\" data-element_type=\"section\" data-e-type=\"section\">\n\t\t\t\t\t\t<div class=\"elementor-container elementor-column-gap-default\">\n\t\t\t\t\t<div class=\"elementor-column elementor-col-100 elementor-top-column elementor-element elementor-element-42b0856\" data-id=\"42b0856\" data-element_type=\"column\" data-e-type=\"column\">\n\t\t\t<div class=\"elementor-widget-wrap elementor-element-populated\">\n\t\t\t\t\t\t<div class=\"elementor-element elementor-element-84c71e5 elementor-widget elementor-widget-heading\" data-id=\"84c71e5\" data-element_type=\"widget\" data-e-type=\"widget\" data-widget_type=\"heading.default\">\n\t\t\t\t<div class=\"elementor-widget-container\">\n\t\t\t\t\t<h1 class=\"elementor-heading-title elementor-size-default\">Legal Notice<\/h1>\t\t\t\t<\/div>\n\t\t\t\t<\/div>\n\t\t\t\t\t<\/div>\n\t\t<\/div>\n\t\t\t\t\t<\/div>\n\t\t<\/section>\n\t\t\t\t<section class=\"elementor-section elementor-top-section elementor-element elementor-element-c708ce8 elementor-section-boxed elementor-section-height-default elementor-section-height-default\" data-id=\"c708ce8\" data-element_type=\"section\" data-e-type=\"section\">\n\t\t\t\t\t\t<div class=\"elementor-container elementor-column-gap-default\">\n\t\t\t\t\t<div class=\"elementor-column elementor-col-100 elementor-top-column elementor-element elementor-element-1ff5e40\" data-id=\"1ff5e40\" data-element_type=\"column\" data-e-type=\"column\">\n\t\t\t<div class=\"elementor-widget-wrap elementor-element-populated\">\n\t\t\t\t\t\t<div class=\"elementor-element elementor-element-d29d7f2 elementor-widget elementor-widget-contentstack\" data-id=\"d29d7f2\" data-element_type=\"widget\" data-e-type=\"widget\" data-widget_type=\"contentstack.default\">\n\t\t\t\t<div class=\"elementor-widget-container\">\n\t\t\t\t\t<div class=\"content-stack\"><style>.elementor-widget-text-editor{font-family:var( --e-global-typography-text-font-family ), Sans-serif;font-size:var( --e-global-typography-text-font-size );font-weight:var( --e-global-typography-text-font-weight );line-height:var( --e-global-typography-text-line-height );color:var( --e-global-color-text );}.elementor-widget-text-editor.elementor-drop-cap-view-stacked .elementor-drop-cap{background-color:var( --e-global-color-primary );}.elementor-widget-text-editor.elementor-drop-cap-view-framed .elementor-drop-cap, .elementor-widget-text-editor.elementor-drop-cap-view-default .elementor-drop-cap{color:var( --e-global-color-primary );border-color:var( --e-global-color-primary );}@media(max-width:1024px){.elementor-widget-text-editor{font-size:var( --e-global-typography-text-font-size );line-height:var( --e-global-typography-text-line-height );}}@media(max-width:767px){.elementor-widget-text-editor{font-size:var( --e-global-typography-text-font-size );line-height:var( --e-global-typography-text-line-height );}}<\/style>\t\t<div data-elementor-type=\"section\" data-elementor-id=\"3894\" class=\"elementor elementor-3894 elementor-10431 elementor-10431\" data-elementor-post-type=\"elementor_library\">\n\t\t\t\t\t<section class=\"elementor-section elementor-top-section elementor-element elementor-element-0827457 elementor-section-boxed elementor-section-height-default elementor-section-height-default\" data-id=\"0827457\" data-element_type=\"section\" data-e-type=\"section\">\n\t\t\t\t\t\t<div class=\"elementor-container elementor-column-gap-no\">\n\t\t\t\t\t<div class=\"elementor-column elementor-col-100 elementor-top-column elementor-element elementor-element-626efe0\" data-id=\"626efe0\" data-element_type=\"column\" data-e-type=\"column\">\n\t\t\t<div class=\"elementor-widget-wrap elementor-element-populated\">\n\t\t\t\t\t\t<section class=\"elementor-section elementor-inner-section elementor-element elementor-element-9fe4f70 elementor-section-boxed elementor-section-height-default elementor-section-height-default\" data-id=\"9fe4f70\" data-element_type=\"section\" data-e-type=\"section\">\n\t\t\t\t\t\t<div class=\"elementor-container elementor-column-gap-default\">\n\t\t\t\t\t<div class=\"elementor-column elementor-col-50 elementor-inner-column elementor-element elementor-element-38c5c02\" data-id=\"38c5c02\" data-element_type=\"column\" data-e-type=\"column\">\n\t\t\t<div class=\"elementor-widget-wrap elementor-element-populated\">\n\t\t\t\t\t\t<div class=\"elementor-element elementor-element-1dc2abd elementor-widget elementor-widget-text-editor\" data-id=\"1dc2abd\" data-element_type=\"widget\" data-e-type=\"widget\" data-widget_type=\"text-editor.default\">\n\t\t\t\t<div class=\"elementor-widget-container\">\n\t\t\t\t\t\t\t\t\t<p>Degussa Metales Preciosos, S.L.U.<br \/>C\/ Vel\u00e1zquez, 2<br \/>28001 Madrid<br \/>Espa\u00f1a<\/p><p><br \/>Contacto:<\/p><p>Tel\u00e9fono: +34 911 98 2900<br \/>Fax: +34 911 982 929<br \/>info@degussa-mp.es<\/p><p><br \/>Inscripci\u00f3n en el Registro Mercantil:<\/p><p>Tomo 32.397, Folio 32, Secci\u00f3n 8, Hoja M583088 del Registro Mercantil de Madrid<\/p><p><br \/>N\u00famero de Identificaci\u00f3n Fiscal:<\/p><p>CIF B\u201187031035<\/p><p><br \/>Protecci\u00f3n de datos:<\/p><p><br \/><a href=\"\/declaracion-de-privacidad-de-los-datos\">Haga clic aqu\u00ed para obtener m\u00e1s detalles sobre la protecci\u00f3n de datos<\/a><\/p><p><br \/>Cr\u00e9ditos por fotograf\u00edas y trabajos art\u00edsticos:<\/p><p>plainpicture<\/p><p>Fotolia<\/p><p>MasterLu\/Fotolia<\/p>\t\t\t\t\t\t\t\t<\/div>\n\t\t\t\t<\/div>\n\t\t\t\t\t<\/div>\n\t\t<\/div>\n\t\t\t\t<div class=\"elementor-column elementor-col-50 elementor-inner-column elementor-element elementor-element-8d3ab30\" data-id=\"8d3ab30\" data-element_type=\"column\" data-e-type=\"column\">\n\t\t\t<div class=\"elementor-widget-wrap\">\n\t\t\t\t\t\t\t<\/div>\n\t\t<\/div>\n\t\t\t\t\t<\/div>\n\t\t<\/section>\n\t\t\t\t\t<\/div>\n\t\t<\/div>\n\t\t\t\t\t<\/div>\n\t\t<\/section>\n\t\t\t\t<\/div>\n\t\t<\/div>        \t\t\t\t<\/div>\n\t\t\t\t<\/div>\n\t\t\t\t\t<\/div>\n\t\t<\/div>\n\t\t\t\t\t<\/div>\n\t\t<\/section>\n\t\t\t\t<\/div>\n\t\t","protected":false},"excerpt":{"rendered":"<p>Legal Notice Degussa Metales Preciosos, S.L.U.C\/ Vel\u00e1zquez, 228001 MadridEspa\u00f1a Contacto: Tel\u00e9fono: +34 911 98 2900Fax: +34 911 982 929info@degussa-mp.es Inscripci\u00f3n en el Registro Mercantil: Tomo 32.397, Folio 32, Secci\u00f3n 8, Hoja M583088 del Registro Mercantil de Madrid N\u00famero de Identificaci\u00f3n Fiscal: CIF B\u201187031035 Protecci\u00f3n de datos: Haga clic aqu\u00ed para obtener m\u00e1s detalles sobre la [&hellip;]<\/p>\n","protected":false},"author":1,"featured_media":0,"parent":0,"menu_order":10,"comment_status":"closed","ping_status":"closed","template":"elementor_header_footer","meta":{"_acf_changed":false,"inline_featured_image":false,"footnotes":""},"class_list":["post-3889","page","type-page","status-publish","hentry"],"acf":[],"yoast_head":"<!-- This site is optimized with the Yoast SEO plugin v23.6 - https:\/\/yoast.com\/wordpress\/plugins\/seo\/ -->\n<title>Legal Notice - Degussa<\/title>\n<meta name=\"robots\" content=\"index, follow, max-snippet:-1, max-image-preview:large, max-video-preview:-1\" \/>\n<link rel=\"canonical\" href=\"https:\/\/www.degussa-mp.es\/en\/legal-notice\" \/>\n<meta property=\"og:locale\" content=\"en_US\" \/>\n<meta property=\"og:type\" content=\"article\" \/>\n<meta property=\"og:title\" content=\"Legal Notice - Degussa\" \/>\n<meta property=\"og:description\" content=\"Legal Notice Degussa Metales Preciosos, S.L.U.C\/ Vel\u00e1zquez, 228001 MadridEspa\u00f1a Contacto: Tel\u00e9fono: +34 911 98 2900Fax: +34 911 982 929info@degussa-mp.es Inscripci\u00f3n en el Registro Mercantil: Tomo 32.397, Folio 32, Secci\u00f3n 8, Hoja M583088 del Registro Mercantil de Madrid N\u00famero de Identificaci\u00f3n Fiscal: CIF B\u201187031035 Protecci\u00f3n de datos: Haga clic aqu\u00ed para obtener m\u00e1s detalles sobre la [&hellip;]\" \/>\n<meta property=\"og:url\" content=\"https:\/\/www.degussa-mp.es\/en\/legal-notice\" \/>\n<meta property=\"og:site_name\" content=\"Degussa\" \/>\n<meta property=\"article:modified_time\" content=\"2022-12-13T10:42:40+00:00\" \/>\n<meta name=\"twitter:card\" content=\"summary_large_image\" \/>\n<script type=\"application\/ld+json\" class=\"yoast-schema-graph\">{\"@context\":\"https:\/\/schema.org\",\"@graph\":[{\"@type\":\"WebPage\",\"@id\":\"https:\/\/www.degussa-mp.es\/en\/legal-notice\",\"url\":\"https:\/\/www.degussa-mp.es\/en\/legal-notice\",\"name\":\"Legal Notice - Degussa\",\"isPartOf\":{\"@id\":\"https:\/\/www.degussa-mp.es\/#website\"},\"datePublished\":\"2022-08-03T11:30:43+00:00\",\"dateModified\":\"2022-12-13T10:42:40+00:00\",\"breadcrumb\":{\"@id\":\"https:\/\/www.degussa-mp.es\/en\/legal-notice#breadcrumb\"},\"inLanguage\":\"en-US\",\"potentialAction\":[{\"@type\":\"ReadAction\",\"target\":[\"https:\/\/www.degussa-mp.es\/en\/legal-notice\"]}]},{\"@type\":\"BreadcrumbList\",\"@id\":\"https:\/\/www.degussa-mp.es\/en\/legal-notice#breadcrumb\",\"itemListElement\":[{\"@type\":\"ListItem\",\"position\":1,\"name\":\"Home\",\"item\":\"https:\/\/www.degussa-mp.es\/en\"},{\"@type\":\"ListItem\",\"position\":2,\"name\":\"Legal Notice\"}]},{\"@type\":\"WebSite\",\"@id\":\"https:\/\/www.degussa-mp.es\/#website\",\"url\":\"https:\/\/www.degussa-mp.es\/\",\"name\":\"Degussa\",\"description\":\"ESPECIALISTAS EN METALES PRECIOSOS\",\"publisher\":{\"@id\":\"https:\/\/www.degussa-mp.es\/#organization\"},\"potentialAction\":[{\"@type\":\"SearchAction\",\"target\":{\"@type\":\"EntryPoint\",\"urlTemplate\":\"https:\/\/www.degussa-mp.es\/?s={search_term_string}\"},\"query-input\":{\"@type\":\"PropertyValueSpecification\",\"valueRequired\":true,\"valueName\":\"search_term_string\"}}],\"inLanguage\":\"en-US\"},{\"@type\":\"Organization\",\"@id\":\"https:\/\/www.degussa-mp.es\/#organization\",\"name\":\"Degussa\",\"url\":\"https:\/\/www.degussa-mp.es\/\",\"logo\":{\"@type\":\"ImageObject\",\"inLanguage\":\"en-US\",\"@id\":\"https:\/\/www.degussa-mp.es\/#\/schema\/logo\/image\/\",\"url\":\"https:\/\/www.degussa-mp.es\/wp-content\/uploads\/2022\/04\/Degussa-Goldhandel-Logo.svg\",\"contentUrl\":\"https:\/\/www.degussa-mp.es\/wp-content\/uploads\/2022\/04\/Degussa-Goldhandel-Logo.svg\",\"caption\":\"Degussa\"},\"image\":{\"@id\":\"https:\/\/www.degussa-mp.es\/#\/schema\/logo\/image\/\"}}]}<\/script>\n<!-- \/ Yoast SEO plugin. -->","yoast_head_json":{"title":"Legal Notice - Degussa","robots":{"index":"index","follow":"follow","max-snippet":"max-snippet:-1","max-image-preview":"max-image-preview:large","max-video-preview":"max-video-preview:-1"},"canonical":"https:\/\/www.degussa-mp.es\/en\/legal-notice","og_locale":"en_US","og_type":"article","og_title":"Legal Notice - Degussa","og_description":"Legal Notice Degussa Metales Preciosos, S.L.U.C\/ Vel\u00e1zquez, 228001 MadridEspa\u00f1a Contacto: Tel\u00e9fono: +34 911 98 2900Fax: +34 911 982 929info@degussa-mp.es Inscripci\u00f3n en el Registro Mercantil: Tomo 32.397, Folio 32, Secci\u00f3n 8, Hoja M583088 del Registro Mercantil de Madrid N\u00famero de Identificaci\u00f3n Fiscal: CIF B\u201187031035 Protecci\u00f3n de datos: Haga clic aqu\u00ed para obtener m\u00e1s detalles sobre la [&hellip;]","og_url":"https:\/\/www.degussa-mp.es\/en\/legal-notice","og_site_name":"Degussa","article_modified_time":"2022-12-13T10:42:40+00:00","twitter_card":"summary_large_image","schema":{"@context":"https:\/\/schema.org","@graph":[{"@type":"WebPage","@id":"https:\/\/www.degussa-mp.es\/en\/legal-notice","url":"https:\/\/www.degussa-mp.es\/en\/legal-notice","name":"Legal Notice - Degussa","isPartOf":{"@id":"https:\/\/www.degussa-mp.es\/#website"},"datePublished":"2022-08-03T11:30:43+00:00","dateModified":"2022-12-13T10:42:40+00:00","breadcrumb":{"@id":"https:\/\/www.degussa-mp.es\/en\/legal-notice#breadcrumb"},"inLanguage":"en-US","potentialAction":[{"@type":"ReadAction","target":["https:\/\/www.degussa-mp.es\/en\/legal-notice"]}]},{"@type":"BreadcrumbList","@id":"https:\/\/www.degussa-mp.es\/en\/legal-notice#breadcrumb","itemListElement":[{"@type":"ListItem","position":1,"name":"Home","item":"https:\/\/www.degussa-mp.es\/en"},{"@type":"ListItem","position":2,"name":"Legal Notice"}]},{"@type":"WebSite","@id":"https:\/\/www.degussa-mp.es\/#website","url":"https:\/\/www.degussa-mp.es\/","name":"Degussa","description":"ESPECIALISTAS EN METALES PRECIOSOS","publisher":{"@id":"https:\/\/www.degussa-mp.es\/#organization"},"potentialAction":[{"@type":"SearchAction","target":{"@type":"EntryPoint","urlTemplate":"https:\/\/www.degussa-mp.es\/?s={search_term_string}"},"query-input":{"@type":"PropertyValueSpecification","valueRequired":true,"valueName":"search_term_string"}}],"inLanguage":"en-US"},{"@type":"Organization","@id":"https:\/\/www.degussa-mp.es\/#organization","name":"Degussa","url":"https:\/\/www.degussa-mp.es\/","logo":{"@type":"ImageObject","inLanguage":"en-US","@id":"https:\/\/www.degussa-mp.es\/#\/schema\/logo\/image\/","url":"https:\/\/www.degussa-mp.es\/wp-content\/uploads\/2022\/04\/Degussa-Goldhandel-Logo.svg","contentUrl":"https:\/\/www.degussa-mp.es\/wp-content\/uploads\/2022\/04\/Degussa-Goldhandel-Logo.svg","caption":"Degussa"},"image":{"@id":"https:\/\/www.degussa-mp.es\/#\/schema\/logo\/image\/"}}]}},"_links":{"self":[{"href":"https:\/\/www.degussa-mp.es\/en\/wp-json\/wp\/v2\/pages\/3889"}],"collection":[{"href":"https:\/\/www.degussa-mp.es\/en\/wp-json\/wp\/v2\/pages"}],"about":[{"href":"https:\/\/www.degussa-mp.es\/en\/wp-json\/wp\/v2\/types\/page"}],"author":[{"embeddable":true,"href":"https:\/\/www.degussa-mp.es\/en\/wp-json\/wp\/v2\/users\/1"}],"replies":[{"embeddable":true,"href":"https:\/\/www.degussa-mp.es\/en\/wp-json\/wp\/v2\/comments?post=3889"}],"version-history":[{"count":7,"href":"https:\/\/www.degussa-mp.es\/en\/wp-json\/wp\/v2\/pages\/3889\/revisions"}],"predecessor-version":[{"id":13043,"href":"https:\/\/www.degussa-mp.es\/en\/wp-json\/wp\/v2\/pages\/3889\/revisions\/13043"}],"wp:attachment":[{"href":"https:\/\/www.degussa-mp.es\/en\/wp-json\/wp\/v2\/media?parent=3889"}],"curies":[{"name":"wp","href":"https:\/\/api.w.org\/{rel}","templated":true}]}}