{"id":735,"date":"2022-07-26T14:37:18","date_gmt":"2022-07-26T12:37:18","guid":{"rendered":"https:\/\/degussa.detail-digital.ch\/?page_id=735"},"modified":"2022-08-04T15:27:15","modified_gmt":"2022-08-04T13:27:15","slug":"verpfaendung-goldbarren","status":"publish","type":"page","link":"https:\/\/www.degussa-mp.es\/de\/services\/verpfaendung-goldbarren","title":{"rendered":"Verpf\u00e4ndung Goldbarren"},"content":{"rendered":"\t\t<div data-elementor-type=\"wp-page\" data-elementor-id=\"735\" class=\"elementor elementor-735 elementor-3739\" data-elementor-post-type=\"page\">\n\t\t\t\t\t\t<section class=\"elementor-section elementor-top-section elementor-element elementor-element-e3b54e6 elementor-section-boxed elementor-section-height-default elementor-section-height-default\" data-id=\"e3b54e6\" data-element_type=\"section\" data-e-type=\"section\">\n\t\t\t\t\t\t<div class=\"elementor-container elementor-column-gap-default\">\n\t\t\t\t\t<div class=\"elementor-column elementor-col-100 elementor-top-column elementor-element elementor-element-64a648f\" data-id=\"64a648f\" data-element_type=\"column\" data-e-type=\"column\">\n\t\t\t<div class=\"elementor-widget-wrap elementor-element-populated\">\n\t\t\t\t\t\t<div class=\"elementor-element elementor-element-70d0f1e elementor-widget elementor-widget-subnav\" data-id=\"70d0f1e\" data-element_type=\"widget\" data-e-type=\"widget\" data-widget_type=\"subnav.default\">\n\t\t\t\t<div class=\"elementor-widget-container\">\n\t\t\t\t\t        <div class=\"degussa-subnav-container subnav gold\">\n                            <div class=\"subnav-item\">\n                    <a href=\"https:\/\/www.degussa-mp.es\/de\/services\/schliessfaecher\">Schliessf\u00e4cher<\/a>\n                <\/div>\n                            <div class=\"subnav-item\">\n                    <a href=\"https:\/\/www.degussa-mp.es\/de\/services\/ihr-verkauf-an-uns\">Ihr Verkauf an uns<\/a>\n                <\/div>\n                            <div class=\"subnav-item\">\n                    <a href=\"https:\/\/www.degussa-mp.es\/de\/services\/service-altgold-ankauf\">Altgold<\/a>\n                <\/div>\n                            <div class=\"subnav-item\">\n                    <a href=\"https:\/\/www.degussa-mp.es\/de\/services\/service-praegung\">Pr\u00e4gung<\/a>\n                <\/div>\n            \n        <\/div>\n        <div class=\"degussa-subnav-container empty\"><\/div>\n\n\t\t        \t\t\t\t<\/div>\n\t\t\t\t<\/div>\n\t\t\t\t\t<\/div>\n\t\t<\/div>\n\t\t\t\t\t<\/div>\n\t\t<\/section>\n\t\t\t\t<section class=\"elementor-section elementor-top-section elementor-element elementor-element-4a4f9aa elementor-section-boxed elementor-section-height-default elementor-section-height-default\" data-id=\"4a4f9aa\" data-element_type=\"section\" data-e-type=\"section\">\n\t\t\t\t\t\t<div class=\"elementor-container elementor-column-gap-default\">\n\t\t\t\t\t<div class=\"elementor-column elementor-col-100 elementor-top-column elementor-element elementor-element-57958ae\" data-id=\"57958ae\" data-element_type=\"column\" data-e-type=\"column\">\n\t\t\t<div class=\"elementor-widget-wrap elementor-element-populated\">\n\t\t\t\t\t\t<div class=\"elementor-element elementor-element-05f5a43 elementor-widget elementor-widget-heading\" data-id=\"05f5a43\" data-element_type=\"widget\" data-e-type=\"widget\" data-widget_type=\"heading.default\">\n\t\t\t\t<div class=\"elementor-widget-container\">\n\t\t\t\t\t<h1 class=\"elementor-heading-title elementor-size-default\">Verpf\u00e4ndung Goldbarren<\/h1>\t\t\t\t<\/div>\n\t\t\t\t<\/div>\n\t\t\t\t\t<\/div>\n\t\t<\/div>\n\t\t\t\t\t<\/div>\n\t\t<\/section>\n\t\t\t\t<section class=\"elementor-section elementor-top-section elementor-element elementor-element-548ba8c elementor-section-boxed elementor-section-height-default elementor-section-height-default\" data-id=\"548ba8c\" data-element_type=\"section\" data-e-type=\"section\">\n\t\t\t\t\t\t<div class=\"elementor-container elementor-column-gap-default\">\n\t\t\t\t\t<div class=\"elementor-column elementor-col-100 elementor-top-column elementor-element elementor-element-ba52e1b\" data-id=\"ba52e1b\" data-element_type=\"column\" data-e-type=\"column\">\n\t\t\t<div class=\"elementor-widget-wrap elementor-element-populated\">\n\t\t\t\t\t\t<div class=\"elementor-element elementor-element-d2f4c07 elementor-widget elementor-widget-contentstack\" data-id=\"d2f4c07\" data-element_type=\"widget\" data-e-type=\"widget\" data-widget_type=\"contentstack.default\">\n\t\t\t\t<div class=\"elementor-widget-container\">\n\t\t\t\t\t<div class=\"content-stack\"><style>.elementor-widget-text-editor{font-family:var( --e-global-typography-text-font-family ), Sans-serif;font-size:var( --e-global-typography-text-font-size );font-weight:var( --e-global-typography-text-font-weight );line-height:var( --e-global-typography-text-line-height );color:var( --e-global-color-text );}.elementor-widget-text-editor.elementor-drop-cap-view-stacked .elementor-drop-cap{background-color:var( --e-global-color-primary );}.elementor-widget-text-editor.elementor-drop-cap-view-framed .elementor-drop-cap, .elementor-widget-text-editor.elementor-drop-cap-view-default .elementor-drop-cap{color:var( --e-global-color-primary );border-color:var( --e-global-color-primary );}.elementor-widget-image .widget-image-caption{color:var( --e-global-color-text );font-family:var( --e-global-typography-text-font-family ), Sans-serif;font-size:var( --e-global-typography-text-font-size );font-weight:var( --e-global-typography-text-font-weight );line-height:var( --e-global-typography-text-line-height );}.elementor-696 .elementor-element.elementor-element-0c6f163{text-align:start;}.elementor-696 .elementor-element.elementor-element-0c6f163 img{width:100%;}@media(max-width:1024px){.elementor-widget-text-editor{font-size:var( --e-global-typography-text-font-size );line-height:var( --e-global-typography-text-line-height );}.elementor-widget-image .widget-image-caption{font-size:var( --e-global-typography-text-font-size );line-height:var( --e-global-typography-text-line-height );}}@media(max-width:767px){.elementor-widget-text-editor{font-size:var( --e-global-typography-text-font-size );line-height:var( --e-global-typography-text-line-height );}.elementor-widget-image .widget-image-caption{font-size:var( --e-global-typography-text-font-size );line-height:var( --e-global-typography-text-line-height );}}<\/style>\t\t<div data-elementor-type=\"section\" data-elementor-id=\"696\" class=\"elementor elementor-696 elementor-10313 elementor-10313\" data-elementor-post-type=\"elementor_library\">\n\t\t\t\t\t<section class=\"elementor-section elementor-top-section elementor-element elementor-element-06975f2 elementor-section-boxed elementor-section-height-default elementor-section-height-default\" data-id=\"06975f2\" data-element_type=\"section\" data-e-type=\"section\">\n\t\t\t\t\t\t<div class=\"elementor-container elementor-column-gap-default\">\n\t\t\t\t\t<div class=\"elementor-column elementor-col-100 elementor-top-column elementor-element elementor-element-c8b80ef\" data-id=\"c8b80ef\" data-element_type=\"column\" data-e-type=\"column\">\n\t\t\t<div class=\"elementor-widget-wrap\">\n\t\t\t\t\t\t\t<\/div>\n\t\t<\/div>\n\t\t\t\t\t<\/div>\n\t\t<\/section>\n\t\t\t\t<section class=\"elementor-section elementor-top-section elementor-element elementor-element-b6475f8 elementor-section-boxed elementor-section-height-default elementor-section-height-default\" data-id=\"b6475f8\" data-element_type=\"section\" data-e-type=\"section\">\n\t\t\t\t\t\t<div class=\"elementor-container elementor-column-gap-default\">\n\t\t\t\t\t<div class=\"elementor-column elementor-col-66 elementor-top-column elementor-element elementor-element-6b0af04\" data-id=\"6b0af04\" data-element_type=\"column\" data-e-type=\"column\">\n\t\t\t<div class=\"elementor-widget-wrap elementor-element-populated\">\n\t\t\t\t\t\t<div class=\"elementor-element elementor-element-19945eb elementor-widget elementor-widget-text-editor\" data-id=\"19945eb\" data-element_type=\"widget\" data-e-type=\"widget\" data-widget_type=\"text-editor.default\">\n\t\t\t\t<div class=\"elementor-widget-container\">\n\t\t\t\t\t\t\t\t\t<p>Dieser spezielle Kredit-Service bietet sich vor allem f\u00fcr Kunden an, die vor\u00fcbergehend finanzielle Mittel ben\u00f6tigen, sich aber nicht endg\u00fcltig von ihren M\u00fcnzen und Barren trennen wollen. F\u00fcr sie besteht die Option, ihre Edelmetall-Best\u00e4nde unkompliziert an uns zu verpf\u00e4nden. Dabei werden die Wertst\u00fccke vollumf\u00e4nglich versichert und in den Hochsicherheitstresoren der Degussa in Z\u00fcrich und in Genf aufbewahrt.<br \/><br \/>Die Mindesth\u00f6he des Kredits betr\u00e4gt hierbei CHF 100.000.\u2013 bei einer Belehnung von 50 Prozent, das heisst, bei einer Mindesteinlage muss das Gold einen Wert von CHF 200.000.\u2013 besitzen, wodurch man zu einem Zinssatz von vergleichsweise geringen 5 Prozent j\u00e4hrlich das Kapital erh\u00e4lt. Als Pf\u00e4nder akzeptiert die Degussa Investmentbarren in allen Gewichtsgr\u00f6ssen \u2013 beispielsweise die traditionellen Degussa-Barren \u2013 und Goldm\u00fcnzen wie den Kr\u00fcgerrand, American Eagle oder Maple Leaf. Vor der Verpf\u00e4ndung werden die St\u00fccke durch Edelmetallspezialisten auf ihre Echtheit hin gepr\u00fcft.<\/p>\t\t\t\t\t\t\t\t<\/div>\n\t\t\t\t<\/div>\n\t\t\t\t\t<\/div>\n\t\t<\/div>\n\t\t\t\t<div class=\"elementor-column elementor-col-33 elementor-top-column elementor-element elementor-element-74e2815\" data-id=\"74e2815\" data-element_type=\"column\" data-e-type=\"column\">\n\t\t\t<div class=\"elementor-widget-wrap elementor-element-populated\">\n\t\t\t\t\t\t<div class=\"elementor-element elementor-element-0c6f163 elementor-widget elementor-widget-image\" data-id=\"0c6f163\" data-element_type=\"widget\" data-e-type=\"widget\" data-widget_type=\"image.default\">\n\t\t\t\t<div class=\"elementor-widget-container\">\n\t\t\t\t\t\t\t\t\t\t\t\t\t\t\t<img decoding=\"async\" src=\"https:\/\/www.degussa-mp.es\/wp-content\/uploads\/2022\/05\/verpfaendung-goldbarren-300x300.jpg\" title=\"verpfaendung-goldbarren\" alt=\"verpfaendung-goldbarren\" loading=\"lazy\" \/>\t\t\t\t\t\t\t\t\t\t\t\t\t\t\t<\/div>\n\t\t\t\t<\/div>\n\t\t\t\t\t<\/div>\n\t\t<\/div>\n\t\t\t\t\t<\/div>\n\t\t<\/section>\n\t\t\t\t<\/div>\n\t\t<\/div><div class=\"content-stack\"><style>.elementor-10402 .elementor-element.elementor-element-3479195f > .elementor-widget-wrap > .elementor-widget:not(.elementor-widget__width-auto):not(.elementor-widget__width-initial):not(:last-child):not(.elementor-absolute){margin-block-end:0px;}.elementor-widget-image .widget-image-caption{color:var( --e-global-color-text );font-family:var( --e-global-typography-text-font-family ), Sans-serif;font-size:var( --e-global-typography-text-font-size );font-weight:var( --e-global-typography-text-font-weight );line-height:var( --e-global-typography-text-line-height );}.elementor-10402 .elementor-element.elementor-element-a190972 > .elementor-widget-container{margin:0px 0px 0px 0px;padding:0px 0px 0px 0px;}@media(max-width:1024px){.elementor-widget-image .widget-image-caption{font-size:var( --e-global-typography-text-font-size );line-height:var( --e-global-typography-text-line-height );}}@media(max-width:767px){.elementor-widget-image .widget-image-caption{font-size:var( --e-global-typography-text-font-size );line-height:var( --e-global-typography-text-line-height );}}<\/style>\t\t<div data-elementor-type=\"section\" data-elementor-id=\"11298\" class=\"elementor elementor-11298 elementor-10402 elementor-10402\" data-elementor-post-type=\"elementor_library\">\n\t\t\t\t\t<section class=\"elementor-section elementor-top-section elementor-element elementor-element-7539931c elementor-section-boxed elementor-section-height-default elementor-section-height-default\" data-id=\"7539931c\" data-element_type=\"section\" data-e-type=\"section\">\n\t\t\t\t\t\t<div class=\"elementor-container elementor-column-gap-default\">\n\t\t\t\t\t<div class=\"elementor-column elementor-col-100 elementor-top-column elementor-element elementor-element-35cc5434\" data-id=\"35cc5434\" data-element_type=\"column\" data-e-type=\"column\">\n\t\t\t<div class=\"elementor-widget-wrap elementor-element-populated\">\n\t\t\t\t\t\t<section class=\"elementor-section elementor-inner-section elementor-element elementor-element-49fe345b elementor-section-boxed elementor-section-height-default elementor-section-height-default\" data-id=\"49fe345b\" data-element_type=\"section\" data-e-type=\"section\">\n\t\t\t\t\t\t<div class=\"elementor-container elementor-column-gap-no\">\n\t\t\t\t\t<div class=\"elementor-column elementor-col-100 elementor-inner-column elementor-element elementor-element-3479195f\" data-id=\"3479195f\" data-element_type=\"column\" data-e-type=\"column\">\n\t\t\t<div class=\"elementor-widget-wrap elementor-element-populated\">\n\t\t\t\t\t\t<div class=\"elementor-element elementor-element-a190972 elementor-widget elementor-widget-image\" data-id=\"a190972\" data-element_type=\"widget\" data-e-type=\"widget\" data-widget_type=\"image.default\">\n\t\t\t\t<div class=\"elementor-widget-container\">\n\t\t\t\t\t\t\t\t\t\t\t\t\t\t\t<img fetchpriority=\"high\" decoding=\"async\" width=\"1391\" height=\"543\" src=\"https:\/\/www.degussa-mp.es\/wp-content\/uploads\/2022\/05\/header_servicios_primera.jpg\" class=\"attachment-full size-full wp-image-13397\" alt=\"\" srcset=\"https:\/\/www.degussa-mp.es\/wp-content\/uploads\/2022\/05\/header_servicios_primera.jpg 1391w, https:\/\/www.degussa-mp.es\/wp-content\/uploads\/2022\/05\/header_servicios_primera-300x117.jpg 300w, https:\/\/www.degussa-mp.es\/wp-content\/uploads\/2022\/05\/header_servicios_primera-1024x400.jpg 1024w, https:\/\/www.degussa-mp.es\/wp-content\/uploads\/2022\/05\/header_servicios_primera-768x300.jpg 768w\" sizes=\"(max-width: 1391px) 100vw, 1391px\" \/>\t\t\t\t\t\t\t\t\t\t\t\t\t\t\t<\/div>\n\t\t\t\t<\/div>\n\t\t\t\t<div class=\"elementor-element elementor-element-28ec37b7 elementor-widget elementor-widget-slidercontext\" data-id=\"28ec37b7\" data-element_type=\"widget\" data-e-type=\"widget\" data-widget_type=\"slidercontext.default\">\n\t\t\t\t<div class=\"elementor-widget-container\">\n\t\t\t\t\t        <div class=\"degussa-product-slider-outer-container nopadding\">\n            <div class=\"degussa-slider-context\">\n                <div class=\"slider-title\">Erstklassige Services<\/div>\n                <div class=\"slider-actions\">\n                    <a class=\"context-link\" href=\"https:\/\/www.degussa-mp.es\/de\/services\/schliessfaecher\"><span>Schliessf\u00e4cher<\/span>\n                        <\/a><a class=\"context-link\" href=\"https:\/\/www.degussa-mp.es\/de\/services\/service-altgold-ankauf\"><span>Altgold<\/span>\n                        <\/a>\n                <\/div>\n            <\/div>\n        <\/div>\n        \t\t\t\t<\/div>\n\t\t\t\t<\/div>\n\t\t\t\t\t<\/div>\n\t\t<\/div>\n\t\t\t\t\t<\/div>\n\t\t<\/section>\n\t\t\t\t\t<\/div>\n\t\t<\/div>\n\t\t\t\t\t<\/div>\n\t\t<\/section>\n\t\t\t\t<\/div>\n\t\t<\/div>        \t\t\t\t<\/div>\n\t\t\t\t<\/div>\n\t\t\t\t\t<\/div>\n\t\t<\/div>\n\t\t\t\t\t<\/div>\n\t\t<\/section>\n\t\t\t\t<\/div>\n\t\t","protected":false},"excerpt":{"rendered":"<p>Schliessf\u00e4cher Verpf\u00e4ndung Goldbarren Ihr Verkauf an uns Zollfreilager Altgold Pr\u00e4gung Verpf\u00e4ndung Goldbarren Neuerdings k\u00f6nnen Kunden ihre Edelmetalle auch sorglos bei der Degussa in der Schweiz aufbewahren und gleichzeitig Geld daf\u00fcr bekommen: In Form eines verzinslichen Darlehens, auch \u201eGold Lending\u201c genannt, im Umfang von bis zu 50 Prozent des Marktwerts des bei der Degussa deponierten Goldes. [&hellip;]<\/p>\n","protected":false},"author":1,"featured_media":0,"parent":1046,"menu_order":1,"comment_status":"closed","ping_status":"closed","template":"elementor_header_footer","meta":{"_acf_changed":false,"inline_featured_image":false,"footnotes":""},"class_list":["post-735","page","type-page","status-publish","hentry"],"acf":[],"yoast_head":"<!-- This site is optimized with the Yoast SEO plugin v23.6 - https:\/\/yoast.com\/wordpress\/plugins\/seo\/ -->\n<title>Verpf\u00e4ndung Goldbarren - Degussa<\/title>\n<meta name=\"robots\" content=\"index, follow, max-snippet:-1, max-image-preview:large, max-video-preview:-1\" \/>\n<link rel=\"canonical\" href=\"https:\/\/www.degussa-mp.es\/servicios\/pignoracion-de-lingotes-de-oro\" \/>\n<meta property=\"og:locale\" content=\"de_DE\" \/>\n<meta property=\"og:type\" content=\"article\" \/>\n<meta property=\"og:title\" content=\"Verpf\u00e4ndung Goldbarren - Degussa\" \/>\n<meta property=\"og:description\" content=\"Schliessf\u00e4cher Verpf\u00e4ndung Goldbarren Ihr Verkauf an uns Zollfreilager Altgold Pr\u00e4gung Verpf\u00e4ndung Goldbarren Neuerdings k\u00f6nnen Kunden ihre Edelmetalle auch sorglos bei der Degussa in der Schweiz aufbewahren und gleichzeitig Geld daf\u00fcr bekommen: In Form eines verzinslichen Darlehens, auch \u201eGold Lending\u201c genannt, im Umfang von bis zu 50 Prozent des Marktwerts des bei der Degussa deponierten Goldes. [&hellip;]\" \/>\n<meta property=\"og:url\" content=\"https:\/\/www.degussa-mp.es\/servicios\/pignoracion-de-lingotes-de-oro\" \/>\n<meta property=\"og:site_name\" content=\"Degussa\" \/>\n<meta property=\"article:modified_time\" content=\"2022-08-04T13:27:15+00:00\" \/>\n<meta property=\"og:image\" content=\"https:\/\/www.degussa-mp.es\/wp-content\/uploads\/2022\/05\/verpfaendung-goldbarren-300x300.jpg\" \/>\n<meta name=\"twitter:card\" content=\"summary_large_image\" \/>\n<meta name=\"twitter:label1\" content=\"Gesch\u00e4tzte Lesezeit\" \/>\n\t<meta name=\"twitter:data1\" content=\"1\u00a0Minute\" \/>\n<script type=\"application\/ld+json\" class=\"yoast-schema-graph\">{\"@context\":\"https:\/\/schema.org\",\"@graph\":[{\"@type\":\"WebPage\",\"@id\":\"https:\/\/www.degussa-mp.es\/servicios\/pignoracion-de-lingotes-de-oro\",\"url\":\"https:\/\/www.degussa-mp.es\/servicios\/pignoracion-de-lingotes-de-oro\",\"name\":\"Verpf\u00e4ndung Goldbarren - Degussa\",\"isPartOf\":{\"@id\":\"https:\/\/www.degussa-mp.es\/#website\"},\"primaryImageOfPage\":{\"@id\":\"https:\/\/www.degussa-mp.es\/servicios\/pignoracion-de-lingotes-de-oro#primaryimage\"},\"image\":{\"@id\":\"https:\/\/www.degussa-mp.es\/servicios\/pignoracion-de-lingotes-de-oro#primaryimage\"},\"thumbnailUrl\":\"https:\/\/www.degussa-mp.es\/wp-content\/uploads\/2022\/05\/verpfaendung-goldbarren-300x300.jpg\",\"datePublished\":\"2022-07-26T12:37:18+00:00\",\"dateModified\":\"2022-08-04T13:27:15+00:00\",\"breadcrumb\":{\"@id\":\"https:\/\/www.degussa-mp.es\/servicios\/pignoracion-de-lingotes-de-oro#breadcrumb\"},\"inLanguage\":\"de\",\"potentialAction\":[{\"@type\":\"ReadAction\",\"target\":[\"https:\/\/www.degussa-mp.es\/servicios\/pignoracion-de-lingotes-de-oro\"]}]},{\"@type\":\"ImageObject\",\"inLanguage\":\"de\",\"@id\":\"https:\/\/www.degussa-mp.es\/servicios\/pignoracion-de-lingotes-de-oro#primaryimage\",\"url\":\"https:\/\/www.degussa-mp.es\/wp-content\/uploads\/2022\/05\/verpfaendung-goldbarren-300x300.jpg\",\"contentUrl\":\"https:\/\/www.degussa-mp.es\/wp-content\/uploads\/2022\/05\/verpfaendung-goldbarren-300x300.jpg\"},{\"@type\":\"BreadcrumbList\",\"@id\":\"https:\/\/www.degussa-mp.es\/servicios\/pignoracion-de-lingotes-de-oro#breadcrumb\",\"itemListElement\":[{\"@type\":\"ListItem\",\"position\":1,\"name\":\"Home\",\"item\":\"https:\/\/www.degussa-mp.es\/de\"},{\"@type\":\"ListItem\",\"position\":2,\"name\":\"Services &#8211; Home\",\"item\":\"https:\/\/www.degussa-mp.es\/de\/services\"},{\"@type\":\"ListItem\",\"position\":3,\"name\":\"Verpf\u00e4ndung Goldbarren\"}]},{\"@type\":\"WebSite\",\"@id\":\"https:\/\/www.degussa-mp.es\/#website\",\"url\":\"https:\/\/www.degussa-mp.es\/\",\"name\":\"Degussa\",\"description\":\"ESPECIALISTAS EN METALES PRECIOSOS\",\"publisher\":{\"@id\":\"https:\/\/www.degussa-mp.es\/#organization\"},\"potentialAction\":[{\"@type\":\"SearchAction\",\"target\":{\"@type\":\"EntryPoint\",\"urlTemplate\":\"https:\/\/www.degussa-mp.es\/?s={search_term_string}\"},\"query-input\":{\"@type\":\"PropertyValueSpecification\",\"valueRequired\":true,\"valueName\":\"search_term_string\"}}],\"inLanguage\":\"de\"},{\"@type\":\"Organization\",\"@id\":\"https:\/\/www.degussa-mp.es\/#organization\",\"name\":\"Degussa\",\"url\":\"https:\/\/www.degussa-mp.es\/\",\"logo\":{\"@type\":\"ImageObject\",\"inLanguage\":\"de\",\"@id\":\"https:\/\/www.degussa-mp.es\/#\/schema\/logo\/image\/\",\"url\":\"https:\/\/www.degussa-mp.es\/wp-content\/uploads\/2022\/04\/Degussa-Goldhandel-Logo.svg\",\"contentUrl\":\"https:\/\/www.degussa-mp.es\/wp-content\/uploads\/2022\/04\/Degussa-Goldhandel-Logo.svg\",\"caption\":\"Degussa\"},\"image\":{\"@id\":\"https:\/\/www.degussa-mp.es\/#\/schema\/logo\/image\/\"}}]}<\/script>\n<!-- \/ Yoast SEO plugin. -->","yoast_head_json":{"title":"Verpf\u00e4ndung Goldbarren - Degussa","robots":{"index":"index","follow":"follow","max-snippet":"max-snippet:-1","max-image-preview":"max-image-preview:large","max-video-preview":"max-video-preview:-1"},"canonical":"https:\/\/www.degussa-mp.es\/servicios\/pignoracion-de-lingotes-de-oro","og_locale":"de_DE","og_type":"article","og_title":"Verpf\u00e4ndung Goldbarren - Degussa","og_description":"Schliessf\u00e4cher Verpf\u00e4ndung Goldbarren Ihr Verkauf an uns Zollfreilager Altgold Pr\u00e4gung Verpf\u00e4ndung Goldbarren Neuerdings k\u00f6nnen Kunden ihre Edelmetalle auch sorglos bei der Degussa in der Schweiz aufbewahren und gleichzeitig Geld daf\u00fcr bekommen: In Form eines verzinslichen Darlehens, auch \u201eGold Lending\u201c genannt, im Umfang von bis zu 50 Prozent des Marktwerts des bei der Degussa deponierten Goldes. [&hellip;]","og_url":"https:\/\/www.degussa-mp.es\/servicios\/pignoracion-de-lingotes-de-oro","og_site_name":"Degussa","article_modified_time":"2022-08-04T13:27:15+00:00","og_image":[{"url":"https:\/\/www.degussa-mp.es\/wp-content\/uploads\/2022\/05\/verpfaendung-goldbarren-300x300.jpg"}],"twitter_card":"summary_large_image","twitter_misc":{"Gesch\u00e4tzte Lesezeit":"1\u00a0Minute"},"schema":{"@context":"https:\/\/schema.org","@graph":[{"@type":"WebPage","@id":"https:\/\/www.degussa-mp.es\/servicios\/pignoracion-de-lingotes-de-oro","url":"https:\/\/www.degussa-mp.es\/servicios\/pignoracion-de-lingotes-de-oro","name":"Verpf\u00e4ndung Goldbarren - Degussa","isPartOf":{"@id":"https:\/\/www.degussa-mp.es\/#website"},"primaryImageOfPage":{"@id":"https:\/\/www.degussa-mp.es\/servicios\/pignoracion-de-lingotes-de-oro#primaryimage"},"image":{"@id":"https:\/\/www.degussa-mp.es\/servicios\/pignoracion-de-lingotes-de-oro#primaryimage"},"thumbnailUrl":"https:\/\/www.degussa-mp.es\/wp-content\/uploads\/2022\/05\/verpfaendung-goldbarren-300x300.jpg","datePublished":"2022-07-26T12:37:18+00:00","dateModified":"2022-08-04T13:27:15+00:00","breadcrumb":{"@id":"https:\/\/www.degussa-mp.es\/servicios\/pignoracion-de-lingotes-de-oro#breadcrumb"},"inLanguage":"de","potentialAction":[{"@type":"ReadAction","target":["https:\/\/www.degussa-mp.es\/servicios\/pignoracion-de-lingotes-de-oro"]}]},{"@type":"ImageObject","inLanguage":"de","@id":"https:\/\/www.degussa-mp.es\/servicios\/pignoracion-de-lingotes-de-oro#primaryimage","url":"https:\/\/www.degussa-mp.es\/wp-content\/uploads\/2022\/05\/verpfaendung-goldbarren-300x300.jpg","contentUrl":"https:\/\/www.degussa-mp.es\/wp-content\/uploads\/2022\/05\/verpfaendung-goldbarren-300x300.jpg"},{"@type":"BreadcrumbList","@id":"https:\/\/www.degussa-mp.es\/servicios\/pignoracion-de-lingotes-de-oro#breadcrumb","itemListElement":[{"@type":"ListItem","position":1,"name":"Home","item":"https:\/\/www.degussa-mp.es\/de"},{"@type":"ListItem","position":2,"name":"Services &#8211; Home","item":"https:\/\/www.degussa-mp.es\/de\/services"},{"@type":"ListItem","position":3,"name":"Verpf\u00e4ndung Goldbarren"}]},{"@type":"WebSite","@id":"https:\/\/www.degussa-mp.es\/#website","url":"https:\/\/www.degussa-mp.es\/","name":"Degussa","description":"ESPECIALISTAS EN METALES PRECIOSOS","publisher":{"@id":"https:\/\/www.degussa-mp.es\/#organization"},"potentialAction":[{"@type":"SearchAction","target":{"@type":"EntryPoint","urlTemplate":"https:\/\/www.degussa-mp.es\/?s={search_term_string}"},"query-input":{"@type":"PropertyValueSpecification","valueRequired":true,"valueName":"search_term_string"}}],"inLanguage":"de"},{"@type":"Organization","@id":"https:\/\/www.degussa-mp.es\/#organization","name":"Degussa","url":"https:\/\/www.degussa-mp.es\/","logo":{"@type":"ImageObject","inLanguage":"de","@id":"https:\/\/www.degussa-mp.es\/#\/schema\/logo\/image\/","url":"https:\/\/www.degussa-mp.es\/wp-content\/uploads\/2022\/04\/Degussa-Goldhandel-Logo.svg","contentUrl":"https:\/\/www.degussa-mp.es\/wp-content\/uploads\/2022\/04\/Degussa-Goldhandel-Logo.svg","caption":"Degussa"},"image":{"@id":"https:\/\/www.degussa-mp.es\/#\/schema\/logo\/image\/"}}]}},"_links":{"self":[{"href":"https:\/\/www.degussa-mp.es\/de\/wp-json\/wp\/v2\/pages\/735"}],"collection":[{"href":"https:\/\/www.degussa-mp.es\/de\/wp-json\/wp\/v2\/pages"}],"about":[{"href":"https:\/\/www.degussa-mp.es\/de\/wp-json\/wp\/v2\/types\/page"}],"author":[{"embeddable":true,"href":"https:\/\/www.degussa-mp.es\/de\/wp-json\/wp\/v2\/users\/1"}],"replies":[{"embeddable":true,"href":"https:\/\/www.degussa-mp.es\/de\/wp-json\/wp\/v2\/comments?post=735"}],"version-history":[{"count":30,"href":"https:\/\/www.degussa-mp.es\/de\/wp-json\/wp\/v2\/pages\/735\/revisions"}],"predecessor-version":[{"id":4184,"href":"https:\/\/www.degussa-mp.es\/de\/wp-json\/wp\/v2\/pages\/735\/revisions\/4184"}],"up":[{"embeddable":true,"href":"https:\/\/www.degussa-mp.es\/de\/wp-json\/wp\/v2\/pages\/1046"}],"wp:attachment":[{"href":"https:\/\/www.degussa-mp.es\/de\/wp-json\/wp\/v2\/media?parent=735"}],"curies":[{"name":"wp","href":"https:\/\/api.w.org\/{rel}","templated":true}]}}