{"id":13587,"date":"2022-12-17T01:50:49","date_gmt":"2022-12-17T00:50:49","guid":{"rendered":"https:\/\/www.degussa-mp.es\/?page_id=13587"},"modified":"2023-02-24T10:19:23","modified_gmt":"2023-02-24T09:19:23","slug":"herkunft-des-goldes","status":"publish","type":"page","link":"https:\/\/www.degussa-mp.es\/de\/vertrauen-home\/herkunft-des-goldes","title":{"rendered":"Herkunft des Goldes"},"content":{"rendered":"\t\t<div data-elementor-type=\"wp-page\" data-elementor-id=\"13587\" class=\"elementor elementor-13587 elementor-13483\" data-elementor-post-type=\"page\">\n\t\t\t\t\t\t<section class=\"elementor-section elementor-top-section elementor-element elementor-element-ec8774a elementor-section-boxed elementor-section-height-default elementor-section-height-default\" data-id=\"ec8774a\" data-element_type=\"section\" data-e-type=\"section\">\n\t\t\t\t\t\t<div class=\"elementor-container elementor-column-gap-default\">\n\t\t\t\t\t<div class=\"elementor-column elementor-col-100 elementor-top-column elementor-element elementor-element-05eb83f\" data-id=\"05eb83f\" data-element_type=\"column\" data-e-type=\"column\">\n\t\t\t<div class=\"elementor-widget-wrap elementor-element-populated\">\n\t\t\t\t\t\t<div class=\"elementor-element elementor-element-d151649 elementor-widget elementor-widget-subnav\" data-id=\"d151649\" data-element_type=\"widget\" data-e-type=\"widget\" data-widget_type=\"subnav.default\">\n\t\t\t\t<div class=\"elementor-widget-container\">\n\t\t\t\t\t        <div class=\"degussa-subnav-container subnav gold\">\n                            <div class=\"subnav-item\">\n                    <a href=\"https:\/\/www.degussa-mp.es\/de\/vertrauen-warum-degussa\">Warum Degussa<\/a>\n                <\/div>\n                            <div class=\"subnav-item\">\n                    <a href=\"https:\/\/www.degussa-mp.es\/de\/vertrauen-home\/vertrauen-warum-gold\">Warum Gold<\/a>\n                <\/div>\n                            <div class=\"subnav-item\">\n                    <a href=\"https:\/\/www.degussa-mp.es\/de\/vertrauen-home\/herkunft-des-goldes\">Herkunft des Goldes<\/a>\n                <\/div>\n                            <div class=\"subnav-item\">\n                    <a href=\"https:\/\/www.degussa-mp.es\/de\/vertrauen-home\/vertrauen-unternehmensphilosophie\">Unternehmensphilosophie<\/a>\n                <\/div>\n                            <div class=\"subnav-item\">\n                    <a href=\"https:\/\/www.degussa-mp.es\/de\/vertrauen-home\/mitgliedschaften\">Mitgliedschaften<\/a>\n                <\/div>\n                            <div class=\"subnav-item\">\n                    <a href=\"https:\/\/www.degussa-mp.es\/de\/vertrauen-home\/partnerschaften\">Partnerschaften<\/a>\n                <\/div>\n            \n        <\/div>\n        <div class=\"degussa-subnav-container empty\"><\/div>\n\n\t\t        \t\t\t\t<\/div>\n\t\t\t\t<\/div>\n\t\t\t\t\t<\/div>\n\t\t<\/div>\n\t\t\t\t\t<\/div>\n\t\t<\/section>\n\t\t\t\t<section class=\"elementor-section elementor-top-section elementor-element elementor-element-36f8756 elementor-section-boxed elementor-section-height-default elementor-section-height-default\" data-id=\"36f8756\" data-element_type=\"section\" data-e-type=\"section\">\n\t\t\t\t\t\t<div class=\"elementor-container elementor-column-gap-default\">\n\t\t\t\t\t<div class=\"elementor-column elementor-col-100 elementor-top-column elementor-element elementor-element-7979d4c\" data-id=\"7979d4c\" data-element_type=\"column\" data-e-type=\"column\">\n\t\t\t<div class=\"elementor-widget-wrap elementor-element-populated\">\n\t\t\t\t\t\t<div class=\"elementor-element elementor-element-7b8fde1 elementor-widget elementor-widget-heading\" data-id=\"7b8fde1\" data-element_type=\"widget\" data-e-type=\"widget\" data-widget_type=\"heading.default\">\n\t\t\t\t<div class=\"elementor-widget-container\">\n\t\t\t\t\t<h1 class=\"elementor-heading-title elementor-size-default\">Herkunft des von DEGUSSA METALES PRECIOSOS S.L.U. vertriebenen Goldes<\/h1>\t\t\t\t<\/div>\n\t\t\t\t<\/div>\n\t\t\t\t\t<\/div>\n\t\t<\/div>\n\t\t\t\t\t<\/div>\n\t\t<\/section>\n\t\t\t\t<section class=\"elementor-section elementor-top-section elementor-element elementor-element-3bdeae9 elementor-section-boxed elementor-section-height-default elementor-section-height-default\" data-id=\"3bdeae9\" data-element_type=\"section\" data-e-type=\"section\">\n\t\t\t\t\t\t<div class=\"elementor-container elementor-column-gap-default\">\n\t\t\t\t\t<div class=\"elementor-column elementor-col-100 elementor-top-column elementor-element elementor-element-1d3be1c\" data-id=\"1d3be1c\" data-element_type=\"column\" data-e-type=\"column\">\n\t\t\t<div class=\"elementor-widget-wrap elementor-element-populated\">\n\t\t\t\t\t\t<section class=\"elementor-section elementor-inner-section elementor-element elementor-element-ae681c4 elementor-section-boxed elementor-section-height-default elementor-section-height-default\" data-id=\"ae681c4\" data-element_type=\"section\" data-e-type=\"section\">\n\t\t\t\t\t\t<div class=\"elementor-container elementor-column-gap-default\">\n\t\t\t\t\t<div class=\"elementor-column elementor-col-100 elementor-inner-column elementor-element elementor-element-8e99f6f\" data-id=\"8e99f6f\" data-element_type=\"column\" data-e-type=\"column\">\n\t\t\t<div class=\"elementor-widget-wrap elementor-element-populated\">\n\t\t\t\t\t\t<div class=\"elementor-element elementor-element-bf86b48 elementor-widget elementor-widget-text-editor\" data-id=\"bf86b48\" data-element_type=\"widget\" data-e-type=\"widget\" data-widget_type=\"text-editor.default\">\n\t\t\t\t<div class=\"elementor-widget-container\">\n\t\t\t\t\t\t\t\t\t<p>Gem\u00e4\u00df der aktuellen Verordnung 2017\/821 des Europ\u00e4ischen Parlaments und des Rates vom 17. Mai 2017 zur Festlegung der Sorgfaltspflichten in der Lieferkette in Bezug auf Importeure von Zinn, Tantal, Wolfram, dessen Erzen und Gold mit Ursprung in Konflikt- oder Hochrisikogebieten in die Union informiert Sie Degussa Metales Preciosos, S.L.U. hiermit, dass sie an die oben genannte Verordnung gebunden ist und deren Anforderungen erf\u00fcllt.<\/p><p>\u00a0<\/p><p>Um der in Artikel 7 der Verordnung genannten Mitteilung nachzukommen, teilen wir Ihnen hiermit mit, dass unsere Produkte den europ\u00e4ischen Vorschriften entsprechen, wobei die Lieferanten der Barren, unsere Muttergesellschaft in der Schweiz und die Lieferanten der M\u00fcnzen, die Pr\u00e4geanstalten der einzelnen L\u00e4nder sind.<\/p><p>\u00a0<\/p><p>Wir best\u00e4tigen auch, dass wir Mitglied der LBMA-Organisation sind, die die EU-Verordnung 2017\/821 einh\u00e4lt. Siehe dazu den folgenden Link der Organisation, die diesen Aspekt kommuniziert: <a href=\"https:\/\/www.lbma.org.uk\/responsible-sourcing\">https:\/\/www.lbma.org.uk\/responsible-sourcing<\/a><\/p><p>\u00a0<\/p><p>Dar\u00fcber hinaus finden Sie unter folgendem Link, wo die LBMA-Organisation festlegt, dass ihre Mitglieder die Sorgfaltspflicht der folgenden Vorschriften (einschlie\u00dflich der EU-Verordnung 2017\/821) einhalten m\u00fcssen: <a href=\"https:\/\/www.lbma.org.uk\/regulation\/due-diligence-regulation\">https:\/\/www.lbma.org.uk\/regulation\/due-diligence-regulation<\/a><\/p><p>\u00a0<\/p><p>\u00c4hnlich verh\u00e4lt es sich mit den von uns betriebenen Raffinerien, die sich als Mitglieder der LBMA-Organisation angemeldet haben:<\/p><p>\u00a0<\/p><p><strong>Valcambi<\/strong><\/p><p><a href=\"https:\/\/www.valcambi.com\/fileadmin\/media\/valcambi\/PDF_files\/2019_Independent_Reasonable_Assurance_and_Compliance_Report.pdf\">https:\/\/www.valcambi.com\/fileadmin\/media\/valcambi\/PDF_files\/2019_Independent_Reasonable_Assurance_and_Compliance_Report.pdf<\/a><\/p><p>Den letzten externen Pr\u00fcfbericht (von der LBMA zugelassener Wirtschaftspr\u00fcfer) mit einem positiven Gutachten finden Sie unter diesem Link.<\/p><p>\u00a0<\/p><p><strong>Argor-Heraeus<\/strong><\/p><p><a href=\"https:\/\/www.argor.com\/sites\/default\/files\/download_file\/AHSA_LBMA%202020_Reasonable%20Assurance%20Report_for_publication.pdf\">https:\/\/www.argor.com\/sites\/default\/files\/download_file\/AHSA_LBMA%202020_Reasonable%20Assurance%20Report_for_publication.pdf<\/a><\/p><p>Anbei finden Sie den letzten Bericht der externen Wirtschaftspr\u00fcfung (LBMA zugelassener Wirtschaftspr\u00fcfer), mit positivem Ergebnis.<\/p><p>\u00a0<\/p><p><strong>Rand Raffinerie<\/strong><\/p><p><a href=\"https:\/\/www.randrefinery.com\/wp-content\/uploads\/2020\/12\/Code-of-Ethics.pdf\">https:\/\/www.randrefinery.com\/wp-content\/uploads\/2020\/12\/Code-of-Ethics.pdf<\/a><\/p><p>Unter diesem Link k\u00f6nnen Sie den Gesch\u00e4ftsethikkodex dieser Raffinerie einsehen, in dem ausf\u00fchrlich dargelegt wird, dass sie mit den europ\u00e4ischen Vorschriften zur Lieferkette (EU-Verordnung 2017\/821) verbunden ist und diese einh\u00e4lt.<\/p><p>\u00a0<\/p><p>Zudem arbeiten wir mit den folgenden M\u00fcnzpr\u00e4gest\u00e4tten:<\/p><p><strong>The Royal Mint:<\/strong><\/p><p><a href=\"https:\/\/www.royalmint.com\/aboutus\/policies-and-guidelines\/anti-slavery-and-human-trafficking-statement\/\">https:\/\/www.royalmint.com\/aboutus\/policies-and-guidelines\/anti-slavery-and-human-trafficking-statement\/<\/a><\/p><p>Unter diesem Link finden Sie die Politik zum Menschenhandel und zur Bek\u00e4mpfung der Sklaverei, in der auch die Lieferkette erw\u00e4hnt wird.<\/p><p>\u00a0<\/p><p><strong>M\u00fcnze \u00d6sterreich:<\/strong><\/p><p><a href=\"https:\/\/www.muenzeoesterreich.at\/recht\/lieferkettenpolitik\">https:\/\/www.muenzeoesterreich.at\/recht\/lieferkettenpolitik<\/a><\/p><p>Unter diesem Link wird beschrieben, wie die M\u00fcnze \u00d6sterreich an die oben genannten europ\u00e4ischen Vorschriften gebunden ist und diese einh\u00e4lt.<\/p><p>\u00a0<\/p><p><strong>Royal Canadian Mint:<\/strong><\/p><p><a href=\"https:\/\/www.mint.ca\/store\/mint\/about-the-mint\/our-services-1200030\">https:\/\/www.mint.ca\/store\/mint\/about-the-mint\/our-services-1200030<\/a><\/p><p>Unter diesem Link finden Sie den Pr\u00fcfbericht (von der LBMA zugelassener Pr\u00fcfer), in welchem best\u00e4tigt wird, dass die Royal Canadian Mint die geltenden Gesetze einh\u00e4lt.<\/p><p>\u00a0<\/p><p><strong>F\u00e1brica Nacional Moneda y Timbre<\/strong><\/p><p><a href=\"https:\/\/www.fnmt.es\/proveedores\">https:\/\/www.fnmt.es\/proveedores<\/a><\/p><p>Unter dem Link finden Sie die internen Richtlinien bez\u00fcglich der Akkreditierung von Lieferanten der FNMT.<\/p>\t\t\t\t\t\t\t\t<\/div>\n\t\t\t\t<\/div>\n\t\t\t\t\t<\/div>\n\t\t<\/div>\n\t\t\t\t\t<\/div>\n\t\t<\/section>\n\t\t\t\t\t<\/div>\n\t\t<\/div>\n\t\t\t\t\t<\/div>\n\t\t<\/section>\n\t\t\t\t<\/div>\n\t\t","protected":false},"excerpt":{"rendered":"<p>Warum Degussa Warum Gold Herkunft des Goldes Unternehmensphilosophie Mitgliedschaften Partnerschaften Herkunft des von DEGUSSA METALES PRECIOSOS S.L.U. vertriebenen Goldes Gem\u00e4\u00df der aktuellen Verordnung 2017\/821 des Europ\u00e4ischen Parlaments und des Rates vom 17. Mai 2017 zur Festlegung der Sorgfaltspflichten in der Lieferkette in Bezug auf Importeure von Zinn, Tantal, Wolfram, dessen Erzen und Gold mit Ursprung [&hellip;]<\/p>\n","protected":false},"author":1,"featured_media":0,"parent":707,"menu_order":2,"comment_status":"closed","ping_status":"closed","template":"elementor_header_footer","meta":{"_acf_changed":false,"inline_featured_image":false,"footnotes":""},"class_list":["post-13587","page","type-page","status-publish","hentry"],"acf":[],"yoast_head":"<!-- This site is optimized with the Yoast SEO plugin v23.6 - https:\/\/yoast.com\/wordpress\/plugins\/seo\/ -->\n<title>Herkunft des Goldes - Degussa<\/title>\n<meta name=\"robots\" content=\"index, follow, max-snippet:-1, max-image-preview:large, max-video-preview:-1\" \/>\n<link rel=\"canonical\" href=\"https:\/\/www.degussa-mp.es\/de\/vertrauen-home\/herkunft-des-goldes\" \/>\n<meta property=\"og:locale\" content=\"de_DE\" \/>\n<meta property=\"og:type\" content=\"article\" \/>\n<meta property=\"og:title\" content=\"Herkunft des Goldes - Degussa\" \/>\n<meta property=\"og:description\" content=\"Warum Degussa Warum Gold Herkunft des Goldes Unternehmensphilosophie Mitgliedschaften Partnerschaften Herkunft des von DEGUSSA METALES PRECIOSOS S.L.U. vertriebenen Goldes Gem\u00e4\u00df der aktuellen Verordnung 2017\/821 des Europ\u00e4ischen Parlaments und des Rates vom 17. Mai 2017 zur Festlegung der Sorgfaltspflichten in der Lieferkette in Bezug auf Importeure von Zinn, Tantal, Wolfram, dessen Erzen und Gold mit Ursprung [&hellip;]\" \/>\n<meta property=\"og:url\" content=\"https:\/\/www.degussa-mp.es\/de\/vertrauen-home\/herkunft-des-goldes\" \/>\n<meta property=\"og:site_name\" content=\"Degussa\" \/>\n<meta property=\"article:modified_time\" content=\"2023-02-24T09:19:23+00:00\" \/>\n<meta name=\"twitter:card\" content=\"summary_large_image\" \/>\n<meta name=\"twitter:label1\" content=\"Gesch\u00e4tzte Lesezeit\" \/>\n\t<meta name=\"twitter:data1\" content=\"2\u00a0Minuten\" \/>\n<script type=\"application\/ld+json\" class=\"yoast-schema-graph\">{\"@context\":\"https:\/\/schema.org\",\"@graph\":[{\"@type\":\"WebPage\",\"@id\":\"https:\/\/www.degussa-mp.es\/de\/vertrauen-home\/herkunft-des-goldes\",\"url\":\"https:\/\/www.degussa-mp.es\/de\/vertrauen-home\/herkunft-des-goldes\",\"name\":\"Herkunft des Goldes - Degussa\",\"isPartOf\":{\"@id\":\"https:\/\/www.degussa-mp.es\/#website\"},\"datePublished\":\"2022-12-17T00:50:49+00:00\",\"dateModified\":\"2023-02-24T09:19:23+00:00\",\"breadcrumb\":{\"@id\":\"https:\/\/www.degussa-mp.es\/de\/vertrauen-home\/herkunft-des-goldes#breadcrumb\"},\"inLanguage\":\"de\",\"potentialAction\":[{\"@type\":\"ReadAction\",\"target\":[\"https:\/\/www.degussa-mp.es\/de\/vertrauen-home\/herkunft-des-goldes\"]}]},{\"@type\":\"BreadcrumbList\",\"@id\":\"https:\/\/www.degussa-mp.es\/de\/vertrauen-home\/herkunft-des-goldes#breadcrumb\",\"itemListElement\":[{\"@type\":\"ListItem\",\"position\":1,\"name\":\"Home\",\"item\":\"https:\/\/www.degussa-mp.es\/de\"},{\"@type\":\"ListItem\",\"position\":2,\"name\":\"Vertrauen &#8211; Home\",\"item\":\"https:\/\/www.degussa-mp.es\/de\/vertrauen-home\"},{\"@type\":\"ListItem\",\"position\":3,\"name\":\"Herkunft des Goldes\"}]},{\"@type\":\"WebSite\",\"@id\":\"https:\/\/www.degussa-mp.es\/#website\",\"url\":\"https:\/\/www.degussa-mp.es\/\",\"name\":\"Degussa\",\"description\":\"ESPECIALISTAS EN METALES PRECIOSOS\",\"publisher\":{\"@id\":\"https:\/\/www.degussa-mp.es\/#organization\"},\"potentialAction\":[{\"@type\":\"SearchAction\",\"target\":{\"@type\":\"EntryPoint\",\"urlTemplate\":\"https:\/\/www.degussa-mp.es\/?s={search_term_string}\"},\"query-input\":{\"@type\":\"PropertyValueSpecification\",\"valueRequired\":true,\"valueName\":\"search_term_string\"}}],\"inLanguage\":\"de\"},{\"@type\":\"Organization\",\"@id\":\"https:\/\/www.degussa-mp.es\/#organization\",\"name\":\"Degussa\",\"url\":\"https:\/\/www.degussa-mp.es\/\",\"logo\":{\"@type\":\"ImageObject\",\"inLanguage\":\"de\",\"@id\":\"https:\/\/www.degussa-mp.es\/#\/schema\/logo\/image\/\",\"url\":\"https:\/\/www.degussa-mp.es\/wp-content\/uploads\/2022\/04\/Degussa-Goldhandel-Logo.svg\",\"contentUrl\":\"https:\/\/www.degussa-mp.es\/wp-content\/uploads\/2022\/04\/Degussa-Goldhandel-Logo.svg\",\"caption\":\"Degussa\"},\"image\":{\"@id\":\"https:\/\/www.degussa-mp.es\/#\/schema\/logo\/image\/\"}}]}<\/script>\n<!-- \/ Yoast SEO plugin. -->","yoast_head_json":{"title":"Herkunft des Goldes - Degussa","robots":{"index":"index","follow":"follow","max-snippet":"max-snippet:-1","max-image-preview":"max-image-preview:large","max-video-preview":"max-video-preview:-1"},"canonical":"https:\/\/www.degussa-mp.es\/de\/vertrauen-home\/herkunft-des-goldes","og_locale":"de_DE","og_type":"article","og_title":"Herkunft des Goldes - Degussa","og_description":"Warum Degussa Warum Gold Herkunft des Goldes Unternehmensphilosophie Mitgliedschaften Partnerschaften Herkunft des von DEGUSSA METALES PRECIOSOS S.L.U. vertriebenen Goldes Gem\u00e4\u00df der aktuellen Verordnung 2017\/821 des Europ\u00e4ischen Parlaments und des Rates vom 17. Mai 2017 zur Festlegung der Sorgfaltspflichten in der Lieferkette in Bezug auf Importeure von Zinn, Tantal, Wolfram, dessen Erzen und Gold mit Ursprung [&hellip;]","og_url":"https:\/\/www.degussa-mp.es\/de\/vertrauen-home\/herkunft-des-goldes","og_site_name":"Degussa","article_modified_time":"2023-02-24T09:19:23+00:00","twitter_card":"summary_large_image","twitter_misc":{"Gesch\u00e4tzte Lesezeit":"2\u00a0Minuten"},"schema":{"@context":"https:\/\/schema.org","@graph":[{"@type":"WebPage","@id":"https:\/\/www.degussa-mp.es\/de\/vertrauen-home\/herkunft-des-goldes","url":"https:\/\/www.degussa-mp.es\/de\/vertrauen-home\/herkunft-des-goldes","name":"Herkunft des Goldes - Degussa","isPartOf":{"@id":"https:\/\/www.degussa-mp.es\/#website"},"datePublished":"2022-12-17T00:50:49+00:00","dateModified":"2023-02-24T09:19:23+00:00","breadcrumb":{"@id":"https:\/\/www.degussa-mp.es\/de\/vertrauen-home\/herkunft-des-goldes#breadcrumb"},"inLanguage":"de","potentialAction":[{"@type":"ReadAction","target":["https:\/\/www.degussa-mp.es\/de\/vertrauen-home\/herkunft-des-goldes"]}]},{"@type":"BreadcrumbList","@id":"https:\/\/www.degussa-mp.es\/de\/vertrauen-home\/herkunft-des-goldes#breadcrumb","itemListElement":[{"@type":"ListItem","position":1,"name":"Home","item":"https:\/\/www.degussa-mp.es\/de"},{"@type":"ListItem","position":2,"name":"Vertrauen &#8211; Home","item":"https:\/\/www.degussa-mp.es\/de\/vertrauen-home"},{"@type":"ListItem","position":3,"name":"Herkunft des Goldes"}]},{"@type":"WebSite","@id":"https:\/\/www.degussa-mp.es\/#website","url":"https:\/\/www.degussa-mp.es\/","name":"Degussa","description":"ESPECIALISTAS EN METALES PRECIOSOS","publisher":{"@id":"https:\/\/www.degussa-mp.es\/#organization"},"potentialAction":[{"@type":"SearchAction","target":{"@type":"EntryPoint","urlTemplate":"https:\/\/www.degussa-mp.es\/?s={search_term_string}"},"query-input":{"@type":"PropertyValueSpecification","valueRequired":true,"valueName":"search_term_string"}}],"inLanguage":"de"},{"@type":"Organization","@id":"https:\/\/www.degussa-mp.es\/#organization","name":"Degussa","url":"https:\/\/www.degussa-mp.es\/","logo":{"@type":"ImageObject","inLanguage":"de","@id":"https:\/\/www.degussa-mp.es\/#\/schema\/logo\/image\/","url":"https:\/\/www.degussa-mp.es\/wp-content\/uploads\/2022\/04\/Degussa-Goldhandel-Logo.svg","contentUrl":"https:\/\/www.degussa-mp.es\/wp-content\/uploads\/2022\/04\/Degussa-Goldhandel-Logo.svg","caption":"Degussa"},"image":{"@id":"https:\/\/www.degussa-mp.es\/#\/schema\/logo\/image\/"}}]}},"_links":{"self":[{"href":"https:\/\/www.degussa-mp.es\/de\/wp-json\/wp\/v2\/pages\/13587"}],"collection":[{"href":"https:\/\/www.degussa-mp.es\/de\/wp-json\/wp\/v2\/pages"}],"about":[{"href":"https:\/\/www.degussa-mp.es\/de\/wp-json\/wp\/v2\/types\/page"}],"author":[{"embeddable":true,"href":"https:\/\/www.degussa-mp.es\/de\/wp-json\/wp\/v2\/users\/1"}],"replies":[{"embeddable":true,"href":"https:\/\/www.degussa-mp.es\/de\/wp-json\/wp\/v2\/comments?post=13587"}],"version-history":[{"count":16,"href":"https:\/\/www.degussa-mp.es\/de\/wp-json\/wp\/v2\/pages\/13587\/revisions"}],"predecessor-version":[{"id":13797,"href":"https:\/\/www.degussa-mp.es\/de\/wp-json\/wp\/v2\/pages\/13587\/revisions\/13797"}],"up":[{"embeddable":true,"href":"https:\/\/www.degussa-mp.es\/de\/wp-json\/wp\/v2\/pages\/707"}],"wp:attachment":[{"href":"https:\/\/www.degussa-mp.es\/de\/wp-json\/wp\/v2\/media?parent=13587"}],"curies":[{"name":"wp","href":"https:\/\/api.w.org\/{rel}","templated":true}]}}