{"id":133,"date":"2022-07-26T13:53:18","date_gmt":"2022-07-26T11:53:18","guid":{"rendered":"https:\/\/degussa.detail-digital.ch\/?page_id=133"},"modified":"2022-11-29T20:41:41","modified_gmt":"2022-11-29T19:41:41","slug":"ihr-verkauf-an-uns","status":"publish","type":"page","link":"https:\/\/www.degussa-mp.es\/de\/services\/ihr-verkauf-an-uns","title":{"rendered":"Ihr Verkauf an uns"},"content":{"rendered":"\t\t<div data-elementor-type=\"wp-page\" data-elementor-id=\"133\" class=\"elementor elementor-133 elementor-10183\" data-elementor-post-type=\"page\">\n\t\t\t\t\t\t<section class=\"elementor-section elementor-top-section elementor-element elementor-element-5c6821b elementor-section-boxed elementor-section-height-default elementor-section-height-default\" data-id=\"5c6821b\" data-element_type=\"section\" data-e-type=\"section\">\n\t\t\t\t\t\t<div class=\"elementor-container elementor-column-gap-default\">\n\t\t\t\t\t<div class=\"elementor-column elementor-col-100 elementor-top-column elementor-element elementor-element-deaec5d\" data-id=\"deaec5d\" data-element_type=\"column\" data-e-type=\"column\">\n\t\t\t<div class=\"elementor-widget-wrap elementor-element-populated\">\n\t\t\t\t\t\t<div class=\"elementor-element elementor-element-dcb090d elementor-widget elementor-widget-subnav\" data-id=\"dcb090d\" data-element_type=\"widget\" data-e-type=\"widget\" data-widget_type=\"subnav.default\">\n\t\t\t\t<div class=\"elementor-widget-container\">\n\t\t\t\t\t        <div class=\"degussa-subnav-container subnav gold\">\n                            <div class=\"subnav-item\">\n                    <a href=\"https:\/\/www.degussa-mp.es\/de\/services\/schliessfaecher\">Schliessf\u00e4cher<\/a>\n                <\/div>\n                            <div class=\"subnav-item\">\n                    <a href=\"https:\/\/www.degussa-mp.es\/de\/services\/ihr-verkauf-an-uns\">Ihr Verkauf an uns<\/a>\n                <\/div>\n                            <div class=\"subnav-item\">\n                    <a href=\"https:\/\/www.degussa-mp.es\/de\/services\/service-altgold-ankauf\">Altgold<\/a>\n                <\/div>\n                            <div class=\"subnav-item\">\n                    <a href=\"https:\/\/www.degussa-mp.es\/de\/services\/service-praegung\">Pr\u00e4gung<\/a>\n                <\/div>\n            \n        <\/div>\n        <div class=\"degussa-subnav-container empty\"><\/div>\n\n\t\t        \t\t\t\t<\/div>\n\t\t\t\t<\/div>\n\t\t\t\t\t<\/div>\n\t\t<\/div>\n\t\t\t\t\t<\/div>\n\t\t<\/section>\n\t\t\t\t<section class=\"elementor-section elementor-top-section elementor-element elementor-element-c054990 elementor-section-boxed elementor-section-height-default elementor-section-height-default\" data-id=\"c054990\" data-element_type=\"section\" data-e-type=\"section\">\n\t\t\t\t\t\t<div class=\"elementor-container elementor-column-gap-default\">\n\t\t\t\t\t<div class=\"elementor-column elementor-col-100 elementor-top-column elementor-element elementor-element-57dffa4\" data-id=\"57dffa4\" data-element_type=\"column\" data-e-type=\"column\">\n\t\t\t<div class=\"elementor-widget-wrap elementor-element-populated\">\n\t\t\t\t\t\t<div class=\"elementor-element elementor-element-a2b6441 elementor-widget elementor-widget-heading\" data-id=\"a2b6441\" data-element_type=\"widget\" data-e-type=\"widget\" data-widget_type=\"heading.default\">\n\t\t\t\t<div class=\"elementor-widget-container\">\n\t\t\t\t\t<h1 class=\"elementor-heading-title elementor-size-default\">WIR KAUFEN IHRE BARREN UND M\u00dcNZEN<\/h1>\t\t\t\t<\/div>\n\t\t\t\t<\/div>\n\t\t\t\t\t<\/div>\n\t\t<\/div>\n\t\t\t\t\t<\/div>\n\t\t<\/section>\n\t\t\t\t<section class=\"elementor-section elementor-top-section elementor-element elementor-element-de2f2d8 elementor-section-boxed elementor-section-height-default elementor-section-height-default\" data-id=\"de2f2d8\" data-element_type=\"section\" data-e-type=\"section\">\n\t\t\t\t\t\t<div class=\"elementor-container elementor-column-gap-default\">\n\t\t\t\t\t<div class=\"elementor-column elementor-col-100 elementor-top-column elementor-element elementor-element-1d33fc2\" data-id=\"1d33fc2\" data-element_type=\"column\" data-e-type=\"column\">\n\t\t\t<div class=\"elementor-widget-wrap elementor-element-populated\">\n\t\t\t\t\t\t<div class=\"elementor-element elementor-element-263151c elementor-widget elementor-widget-contentstack\" data-id=\"263151c\" data-element_type=\"widget\" data-e-type=\"widget\" data-widget_type=\"contentstack.default\">\n\t\t\t\t<div class=\"elementor-widget-container\">\n\t\t\t\t\t<div class=\"content-stack\"><style>.elementor-widget-text-editor{font-family:var( --e-global-typography-text-font-family ), Sans-serif;font-size:var( --e-global-typography-text-font-size );font-weight:var( --e-global-typography-text-font-weight );line-height:var( --e-global-typography-text-line-height );color:var( --e-global-color-text );}.elementor-widget-text-editor.elementor-drop-cap-view-stacked .elementor-drop-cap{background-color:var( --e-global-color-primary );}.elementor-widget-text-editor.elementor-drop-cap-view-framed .elementor-drop-cap, .elementor-widget-text-editor.elementor-drop-cap-view-default .elementor-drop-cap{color:var( --e-global-color-primary );border-color:var( --e-global-color-primary );}.elementor-widget-heading .elementor-heading-title{font-family:var( --e-global-typography-primary-font-family ), Sans-serif;font-weight:var( --e-global-typography-primary-font-weight );color:var( --e-global-color-primary );}.elementor-650 .elementor-element.elementor-element-b67eb27 .elementor-heading-title{font-family:var( --e-global-typography-primary-font-family ), Sans-serif;font-weight:var( --e-global-typography-primary-font-weight );color:var( --e-global-color-primary );}.elementor-widget-image .widget-image-caption{color:var( --e-global-color-text );font-family:var( --e-global-typography-text-font-family ), Sans-serif;font-size:var( --e-global-typography-text-font-size );font-weight:var( --e-global-typography-text-font-weight );line-height:var( --e-global-typography-text-line-height );}.elementor-650 .elementor-element.elementor-element-1776c42 img{width:100%;}@media(max-width:1024px){.elementor-widget-text-editor{font-size:var( --e-global-typography-text-font-size );line-height:var( --e-global-typography-text-line-height );}.elementor-widget-image .widget-image-caption{font-size:var( --e-global-typography-text-font-size );line-height:var( --e-global-typography-text-line-height );}}@media(max-width:767px){.elementor-widget-text-editor{font-size:var( --e-global-typography-text-font-size );line-height:var( --e-global-typography-text-line-height );}.elementor-widget-image .widget-image-caption{font-size:var( --e-global-typography-text-font-size );line-height:var( --e-global-typography-text-line-height );}}<\/style>\t\t<div data-elementor-type=\"section\" data-elementor-id=\"650\" class=\"elementor elementor-650 elementor-10302 elementor-10302\" data-elementor-post-type=\"elementor_library\">\n\t\t\t\t\t<section class=\"elementor-section elementor-top-section elementor-element elementor-element-622a5e4 elementor-section-boxed elementor-section-height-default elementor-section-height-default\" data-id=\"622a5e4\" data-element_type=\"section\" data-e-type=\"section\">\n\t\t\t\t\t\t<div class=\"elementor-container elementor-column-gap-default\">\n\t\t\t\t\t<div class=\"elementor-column elementor-col-66 elementor-top-column elementor-element elementor-element-a451f1f\" data-id=\"a451f1f\" data-element_type=\"column\" data-e-type=\"column\">\n\t\t\t<div class=\"elementor-widget-wrap elementor-element-populated\">\n\t\t\t\t\t\t<div class=\"elementor-element elementor-element-ceec766 elementor-widget elementor-widget-text-editor\" data-id=\"ceec766\" data-element_type=\"widget\" data-e-type=\"widget\" data-widget_type=\"text-editor.default\">\n\t\t\t\t<div class=\"elementor-widget-container\">\n\t\t\t\t\t\t\t\t\t<p>Sie m\u00f6chten Ihre Anlagebarren oder M\u00fcnzen verkaufen? Kommen Sie an unseren Schalter in Madrid. Der Erl\u00f6s wird vor Ort ausbezahlt oder auf Wunsch auf Ihr Bankkonto \u00fcberwiesen.<\/p>\t\t\t\t\t\t\t\t<\/div>\n\t\t\t\t<\/div>\n\t\t\t\t<div class=\"elementor-element elementor-element-96c6abb elementor-widget elementor-widget-heading\" data-id=\"96c6abb\" data-element_type=\"widget\" data-e-type=\"widget\" data-widget_type=\"heading.default\">\n\t\t\t\t<div class=\"elementor-widget-container\">\n\t\t\t\t\t<h2 class=\"elementor-heading-title elementor-size-default\">BARREN<\/h2>\t\t\t\t<\/div>\n\t\t\t\t<\/div>\n\t\t\t\t<div class=\"elementor-element elementor-element-21d60eb elementor-widget elementor-widget-text-editor\" data-id=\"21d60eb\" data-element_type=\"widget\" data-e-type=\"widget\" data-widget_type=\"text-editor.default\">\n\t\t\t\t<div class=\"elementor-widget-container\">\n\t\t\t\t\t\t\t\t\t<p>Wir kaufen \u2013 im Gegensatz zu den meisten Banken \u2013 nicht nur unsere eigenen Degussa Barren, sondern s\u00e4mtliche Anlagebarren an. Auch ist es nicht erforderlich, das dazugeh\u00f6rige Barren-Zertifikat zu besitzen oder die Barren in einwandfreiem Zustand vorzuweisen.<\/p>\t\t\t\t\t\t\t\t<\/div>\n\t\t\t\t<\/div>\n\t\t\t\t<div class=\"elementor-element elementor-element-b67eb27 elementor-widget elementor-widget-heading\" data-id=\"b67eb27\" data-element_type=\"widget\" data-e-type=\"widget\" data-widget_type=\"heading.default\">\n\t\t\t\t<div class=\"elementor-widget-container\">\n\t\t\t\t\t<h2 class=\"elementor-heading-title elementor-size-default\">M\u00dcNZEN<\/h2>\t\t\t\t<\/div>\n\t\t\t\t<\/div>\n\t\t\t\t<div class=\"elementor-element elementor-element-b946306 elementor-widget elementor-widget-text-editor\" data-id=\"b946306\" data-element_type=\"widget\" data-e-type=\"widget\" data-widget_type=\"text-editor.default\">\n\t\t\t\t<div class=\"elementor-widget-container\">\n\t\t\t\t\t\t\t\t\t<p>Beim Ankauf von Anlagem\u00fcnzen wie dem Kr\u00fcgerrand oder Maple Leaf wird unterschieden in 1. und 2. Wahl:<br \/>1. Wahl: Die Anlagem\u00fcnze ist einwandfrei und zum Wiederverkauf geeignet.<br \/>2. Wahl: Die M\u00fcnze muss eingeschmolzen werden, weil diese stark verkratzt ist oder Flecken aufweist.<\/p>\t\t\t\t\t\t\t\t<\/div>\n\t\t\t\t<\/div>\n\t\t\t\t\t<\/div>\n\t\t<\/div>\n\t\t\t\t<div class=\"elementor-column elementor-col-33 elementor-top-column elementor-element elementor-element-22e259c\" data-id=\"22e259c\" data-element_type=\"column\" data-e-type=\"column\">\n\t\t\t<div class=\"elementor-widget-wrap elementor-element-populated\">\n\t\t\t\t\t\t<div class=\"elementor-element elementor-element-1776c42 elementor-widget elementor-widget-image\" data-id=\"1776c42\" data-element_type=\"widget\" data-e-type=\"widget\" data-widget_type=\"image.default\">\n\t\t\t\t<div class=\"elementor-widget-container\">\n\t\t\t\t\t\t\t\t\t\t\t\t\t\t\t<img fetchpriority=\"high\" decoding=\"async\" width=\"1024\" height=\"683\" src=\"https:\/\/www.degussa-mp.es\/wp-content\/uploads\/2022\/05\/gold-barren-muenzen-vreneli-1024x683.jpg\" class=\"attachment-large size-large wp-image-6192\" alt=\"\" srcset=\"https:\/\/www.degussa-mp.es\/wp-content\/uploads\/2022\/05\/gold-barren-muenzen-vreneli-1024x683.jpg 1024w, https:\/\/www.degussa-mp.es\/wp-content\/uploads\/2022\/05\/gold-barren-muenzen-vreneli-300x200.jpg 300w, https:\/\/www.degussa-mp.es\/wp-content\/uploads\/2022\/05\/gold-barren-muenzen-vreneli-768x512.jpg 768w, https:\/\/www.degussa-mp.es\/wp-content\/uploads\/2022\/05\/gold-barren-muenzen-vreneli.jpg 1200w\" sizes=\"(max-width: 1024px) 100vw, 1024px\" \/>\t\t\t\t\t\t\t\t\t\t\t\t\t\t\t<\/div>\n\t\t\t\t<\/div>\n\t\t\t\t\t<\/div>\n\t\t<\/div>\n\t\t\t\t\t<\/div>\n\t\t<\/section>\n\t\t\t\t<\/div>\n\t\t<\/div><div class=\"content-stack\"><style>.elementor-10405 .elementor-element.elementor-element-6e02c45c > .elementor-widget-wrap > .elementor-widget:not(.elementor-widget__width-auto):not(.elementor-widget__width-initial):not(:last-child):not(.elementor-absolute){margin-block-end:0px;}.elementor-widget-slides .elementor-slide-heading{font-family:var( --e-global-typography-primary-font-family ), Sans-serif;font-weight:var( --e-global-typography-primary-font-weight );}.elementor-widget-slides .elementor-slide-description{font-family:var( --e-global-typography-secondary-font-family ), Sans-serif;font-weight:var( --e-global-typography-secondary-font-weight );}.elementor-widget-slides .elementor-slide-button{font-family:var( --e-global-typography-accent-font-family ), Sans-serif;font-weight:var( --e-global-typography-accent-font-weight );}.elementor-10405 .elementor-element.elementor-element-0a5c1f0 .elementor-repeater-item-d0ba368 .swiper-slide-bg{background-color:#bbbbbb;background-image:url(https:\/\/www.degussa-mp.es\/wp-content\/uploads\/2022\/11\/ezgif-3-8ad4a8d3b3.gif);background-size:cover;}.elementor-10405 .elementor-element.elementor-element-0a5c1f0 .swiper-slide{height:400px;transition-duration:calc(5000ms*1.2);}.elementor-10405 .elementor-element.elementor-element-0a5c1f0 .swiper-slide-contents{max-width:66%;}.elementor-10405 .elementor-element.elementor-element-0a5c1f0 .swiper-slide-inner{text-align:center;}<\/style>\t\t<div data-elementor-type=\"section\" data-elementor-id=\"11286\" class=\"elementor elementor-11286 elementor-10405 elementor-10405\" data-elementor-post-type=\"elementor_library\">\n\t\t\t\t\t<section class=\"elementor-section elementor-top-section elementor-element elementor-element-6c651d6d elementor-section-boxed elementor-section-height-default elementor-section-height-default\" data-id=\"6c651d6d\" data-element_type=\"section\" data-e-type=\"section\">\n\t\t\t\t\t\t<div class=\"elementor-container elementor-column-gap-default\">\n\t\t\t\t\t<div class=\"elementor-column elementor-col-100 elementor-top-column elementor-element elementor-element-193f89e\" data-id=\"193f89e\" data-element_type=\"column\" data-e-type=\"column\">\n\t\t\t<div class=\"elementor-widget-wrap elementor-element-populated\">\n\t\t\t\t\t\t<section class=\"elementor-section elementor-inner-section elementor-element elementor-element-51bf7acc elementor-section-boxed elementor-section-height-default elementor-section-height-default\" data-id=\"51bf7acc\" data-element_type=\"section\" data-e-type=\"section\">\n\t\t\t\t\t\t<div class=\"elementor-container elementor-column-gap-no\">\n\t\t\t\t\t<div class=\"elementor-column elementor-col-100 elementor-inner-column elementor-element elementor-element-6e02c45c\" data-id=\"6e02c45c\" data-element_type=\"column\" data-e-type=\"column\">\n\t\t\t<div class=\"elementor-widget-wrap elementor-element-populated\">\n\t\t\t\t\t\t<div class=\"elementor-element elementor-element-0a5c1f0 elementor--h-position-center elementor--v-position-middle elementor-arrows-position-inside elementor-pagination-position-inside elementor-widget elementor-widget-slides\" data-id=\"0a5c1f0\" data-element_type=\"widget\" data-e-type=\"widget\" data-settings=\"{&quot;navigation&quot;:&quot;both&quot;,&quot;autoplay&quot;:&quot;yes&quot;,&quot;pause_on_hover&quot;:&quot;yes&quot;,&quot;pause_on_interaction&quot;:&quot;yes&quot;,&quot;autoplay_speed&quot;:5000,&quot;infinite&quot;:&quot;yes&quot;,&quot;transition&quot;:&quot;slide&quot;,&quot;transition_speed&quot;:500}\" data-widget_type=\"slides.default\">\n\t\t\t\t<div class=\"elementor-widget-container\">\n\t\t\t\t\t\t\t<div class=\"elementor-swiper\">\n\t\t\t<div class=\"elementor-slides-wrapper elementor-main-swiper swiper-container\" dir=\"ltr\" data-animation=\"fadeInUp\">\n\t\t\t\t<div class=\"swiper-wrapper elementor-slides\">\n\t\t\t\t\t\t\t\t\t\t<div class=\"elementor-repeater-item-d0ba368 swiper-slide\"><div class=\"swiper-slide-bg\" role=\"img\"><\/div><div class=\"swiper-slide-inner\" ><div class=\"swiper-slide-contents\"><\/div><\/div><\/div>\t\t\t\t<\/div>\n\t\t\t\t\t\t\t<\/div>\n\t\t<\/div>\n\t\t\t\t\t\t<\/div>\n\t\t\t\t<\/div>\n\t\t\t\t<div class=\"elementor-element elementor-element-39995d92 elementor-widget elementor-widget-slidercontext\" data-id=\"39995d92\" data-element_type=\"widget\" data-e-type=\"widget\" data-widget_type=\"slidercontext.default\">\n\t\t\t\t<div class=\"elementor-widget-container\">\n\t\t\t\t\t        <div class=\"degussa-product-slider-outer-container nopadding\">\n            <div class=\"degussa-slider-context\">\n                <div class=\"slider-title\">Weltweit vernetzt<\/div>\n                <div class=\"slider-actions\">\n                    <a class=\"context-link\" href=\"https:\/\/www.degussa-mp.es\/de\/standorte\"><span>Standorte<\/span>\n                        <\/a><a class=\"context-link\" href=\"https:\/\/www.degussa-mp.es\/de\/vertrauen-home\/mitgliedschaften\"><span>Mitgliedschaften<\/span>\n                        <\/a><a class=\"context-link\" href=\"https:\/\/www.degussa-mp.es\/de\/vertrauen-home\/partnerschaften\"><span>Partnerschaften<\/span>\n                        <\/a>\n                <\/div>\n            <\/div>\n        <\/div>\n        \t\t\t\t<\/div>\n\t\t\t\t<\/div>\n\t\t\t\t\t<\/div>\n\t\t<\/div>\n\t\t\t\t\t<\/div>\n\t\t<\/section>\n\t\t\t\t\t<\/div>\n\t\t<\/div>\n\t\t\t\t\t<\/div>\n\t\t<\/section>\n\t\t\t\t<\/div>\n\t\t<\/div>        \t\t\t\t<\/div>\n\t\t\t\t<\/div>\n\t\t\t\t\t<\/div>\n\t\t<\/div>\n\t\t\t\t\t<\/div>\n\t\t<\/section>\n\t\t\t\t<\/div>\n\t\t","protected":false},"excerpt":{"rendered":"<p>&nbsp; Schliessf\u00e4cher Verpf\u00e4ndung Goldbarren Ihr Verkauf an uns Zollfreilager Altgold Pr\u00e4gung WIR KAUFEN IHRE BARREN UND M\u00dcNZEN BARREN Als gr\u00f6sster Edelmetallh\u00e4ndler in Europe verkaufen wir nicht nur unsere Degussa Barren, sondern kaufen auch alle Anlagebarren und M\u00fcnzen an. Der Ankauf Ihrer Barren und M\u00fcnzen ist jederzeit an unseren Schaltern in Z\u00fcrich und Genf m\u00f6glich. Im [&hellip;]<\/p>\n","protected":false},"author":1,"featured_media":0,"parent":1046,"menu_order":2,"comment_status":"closed","ping_status":"closed","template":"elementor_header_footer","meta":{"_acf_changed":false,"inline_featured_image":false,"footnotes":""},"class_list":["post-133","page","type-page","status-publish","hentry"],"acf":[],"yoast_head":"<!-- This site is optimized with the Yoast SEO plugin v23.6 - https:\/\/yoast.com\/wordpress\/plugins\/seo\/ -->\n<title>Ihr Verkauf an uns - Degussa<\/title>\n<meta name=\"robots\" content=\"index, follow, max-snippet:-1, max-image-preview:large, max-video-preview:-1\" \/>\n<link rel=\"canonical\" href=\"https:\/\/www.degussa-mp.es\/de\/services\/ihr-verkauf-an-uns\" \/>\n<meta property=\"og:locale\" content=\"de_DE\" \/>\n<meta property=\"og:type\" content=\"article\" \/>\n<meta property=\"og:title\" content=\"Ihr Verkauf an uns - Degussa\" \/>\n<meta property=\"og:description\" content=\"&nbsp; Schliessf\u00e4cher Verpf\u00e4ndung Goldbarren Ihr Verkauf an uns Zollfreilager Altgold Pr\u00e4gung WIR KAUFEN IHRE BARREN UND M\u00dcNZEN BARREN Als gr\u00f6sster Edelmetallh\u00e4ndler in Europe verkaufen wir nicht nur unsere Degussa Barren, sondern kaufen auch alle Anlagebarren und M\u00fcnzen an. Der Ankauf Ihrer Barren und M\u00fcnzen ist jederzeit an unseren Schaltern in Z\u00fcrich und Genf m\u00f6glich. Im [&hellip;]\" \/>\n<meta property=\"og:url\" content=\"https:\/\/www.degussa-mp.es\/de\/services\/ihr-verkauf-an-uns\" \/>\n<meta property=\"og:site_name\" content=\"Degussa\" \/>\n<meta property=\"article:modified_time\" content=\"2022-11-29T19:41:41+00:00\" \/>\n<meta property=\"og:image\" content=\"https:\/\/www.degussa-mp.es\/wp-content\/uploads\/2022\/05\/barren-verkaufen-degussa-goldhandel-1.jpg\" \/>\n<meta name=\"twitter:card\" content=\"summary_large_image\" \/>\n<meta name=\"twitter:label1\" content=\"Gesch\u00e4tzte Lesezeit\" \/>\n\t<meta name=\"twitter:data1\" content=\"1\u00a0Minute\" \/>\n<script type=\"application\/ld+json\" class=\"yoast-schema-graph\">{\"@context\":\"https:\/\/schema.org\",\"@graph\":[{\"@type\":\"WebPage\",\"@id\":\"https:\/\/www.degussa-mp.es\/de\/services\/ihr-verkauf-an-uns\",\"url\":\"https:\/\/www.degussa-mp.es\/de\/services\/ihr-verkauf-an-uns\",\"name\":\"Ihr Verkauf an uns - Degussa\",\"isPartOf\":{\"@id\":\"https:\/\/www.degussa-mp.es\/#website\"},\"primaryImageOfPage\":{\"@id\":\"https:\/\/www.degussa-mp.es\/de\/services\/ihr-verkauf-an-uns#primaryimage\"},\"image\":{\"@id\":\"https:\/\/www.degussa-mp.es\/de\/services\/ihr-verkauf-an-uns#primaryimage\"},\"thumbnailUrl\":\"https:\/\/www.degussa-mp.es\/wp-content\/uploads\/2022\/05\/barren-verkaufen-degussa-goldhandel-1.jpg\",\"datePublished\":\"2022-07-26T11:53:18+00:00\",\"dateModified\":\"2022-11-29T19:41:41+00:00\",\"breadcrumb\":{\"@id\":\"https:\/\/www.degussa-mp.es\/de\/services\/ihr-verkauf-an-uns#breadcrumb\"},\"inLanguage\":\"de\",\"potentialAction\":[{\"@type\":\"ReadAction\",\"target\":[\"https:\/\/www.degussa-mp.es\/de\/services\/ihr-verkauf-an-uns\"]}]},{\"@type\":\"ImageObject\",\"inLanguage\":\"de\",\"@id\":\"https:\/\/www.degussa-mp.es\/de\/services\/ihr-verkauf-an-uns#primaryimage\",\"url\":\"https:\/\/www.degussa-mp.es\/wp-content\/uploads\/2022\/05\/barren-verkaufen-degussa-goldhandel-1.jpg\",\"contentUrl\":\"https:\/\/www.degussa-mp.es\/wp-content\/uploads\/2022\/05\/barren-verkaufen-degussa-goldhandel-1.jpg\"},{\"@type\":\"BreadcrumbList\",\"@id\":\"https:\/\/www.degussa-mp.es\/de\/services\/ihr-verkauf-an-uns#breadcrumb\",\"itemListElement\":[{\"@type\":\"ListItem\",\"position\":1,\"name\":\"Home\",\"item\":\"https:\/\/www.degussa-mp.es\/de\"},{\"@type\":\"ListItem\",\"position\":2,\"name\":\"Services &#8211; Home\",\"item\":\"https:\/\/www.degussa-mp.es\/de\/services\"},{\"@type\":\"ListItem\",\"position\":3,\"name\":\"Ihr Verkauf an uns\"}]},{\"@type\":\"WebSite\",\"@id\":\"https:\/\/www.degussa-mp.es\/#website\",\"url\":\"https:\/\/www.degussa-mp.es\/\",\"name\":\"Degussa\",\"description\":\"ESPECIALISTAS EN METALES PRECIOSOS\",\"publisher\":{\"@id\":\"https:\/\/www.degussa-mp.es\/#organization\"},\"potentialAction\":[{\"@type\":\"SearchAction\",\"target\":{\"@type\":\"EntryPoint\",\"urlTemplate\":\"https:\/\/www.degussa-mp.es\/?s={search_term_string}\"},\"query-input\":{\"@type\":\"PropertyValueSpecification\",\"valueRequired\":true,\"valueName\":\"search_term_string\"}}],\"inLanguage\":\"de\"},{\"@type\":\"Organization\",\"@id\":\"https:\/\/www.degussa-mp.es\/#organization\",\"name\":\"Degussa\",\"url\":\"https:\/\/www.degussa-mp.es\/\",\"logo\":{\"@type\":\"ImageObject\",\"inLanguage\":\"de\",\"@id\":\"https:\/\/www.degussa-mp.es\/#\/schema\/logo\/image\/\",\"url\":\"https:\/\/www.degussa-mp.es\/wp-content\/uploads\/2022\/04\/Degussa-Goldhandel-Logo.svg\",\"contentUrl\":\"https:\/\/www.degussa-mp.es\/wp-content\/uploads\/2022\/04\/Degussa-Goldhandel-Logo.svg\",\"caption\":\"Degussa\"},\"image\":{\"@id\":\"https:\/\/www.degussa-mp.es\/#\/schema\/logo\/image\/\"}}]}<\/script>\n<!-- \/ Yoast SEO plugin. -->","yoast_head_json":{"title":"Ihr Verkauf an uns - Degussa","robots":{"index":"index","follow":"follow","max-snippet":"max-snippet:-1","max-image-preview":"max-image-preview:large","max-video-preview":"max-video-preview:-1"},"canonical":"https:\/\/www.degussa-mp.es\/de\/services\/ihr-verkauf-an-uns","og_locale":"de_DE","og_type":"article","og_title":"Ihr Verkauf an uns - Degussa","og_description":"&nbsp; Schliessf\u00e4cher Verpf\u00e4ndung Goldbarren Ihr Verkauf an uns Zollfreilager Altgold Pr\u00e4gung WIR KAUFEN IHRE BARREN UND M\u00dcNZEN BARREN Als gr\u00f6sster Edelmetallh\u00e4ndler in Europe verkaufen wir nicht nur unsere Degussa Barren, sondern kaufen auch alle Anlagebarren und M\u00fcnzen an. Der Ankauf Ihrer Barren und M\u00fcnzen ist jederzeit an unseren Schaltern in Z\u00fcrich und Genf m\u00f6glich. Im [&hellip;]","og_url":"https:\/\/www.degussa-mp.es\/de\/services\/ihr-verkauf-an-uns","og_site_name":"Degussa","article_modified_time":"2022-11-29T19:41:41+00:00","og_image":[{"url":"https:\/\/www.degussa-mp.es\/wp-content\/uploads\/2022\/05\/barren-verkaufen-degussa-goldhandel-1.jpg"}],"twitter_card":"summary_large_image","twitter_misc":{"Gesch\u00e4tzte Lesezeit":"1\u00a0Minute"},"schema":{"@context":"https:\/\/schema.org","@graph":[{"@type":"WebPage","@id":"https:\/\/www.degussa-mp.es\/de\/services\/ihr-verkauf-an-uns","url":"https:\/\/www.degussa-mp.es\/de\/services\/ihr-verkauf-an-uns","name":"Ihr Verkauf an uns - Degussa","isPartOf":{"@id":"https:\/\/www.degussa-mp.es\/#website"},"primaryImageOfPage":{"@id":"https:\/\/www.degussa-mp.es\/de\/services\/ihr-verkauf-an-uns#primaryimage"},"image":{"@id":"https:\/\/www.degussa-mp.es\/de\/services\/ihr-verkauf-an-uns#primaryimage"},"thumbnailUrl":"https:\/\/www.degussa-mp.es\/wp-content\/uploads\/2022\/05\/barren-verkaufen-degussa-goldhandel-1.jpg","datePublished":"2022-07-26T11:53:18+00:00","dateModified":"2022-11-29T19:41:41+00:00","breadcrumb":{"@id":"https:\/\/www.degussa-mp.es\/de\/services\/ihr-verkauf-an-uns#breadcrumb"},"inLanguage":"de","potentialAction":[{"@type":"ReadAction","target":["https:\/\/www.degussa-mp.es\/de\/services\/ihr-verkauf-an-uns"]}]},{"@type":"ImageObject","inLanguage":"de","@id":"https:\/\/www.degussa-mp.es\/de\/services\/ihr-verkauf-an-uns#primaryimage","url":"https:\/\/www.degussa-mp.es\/wp-content\/uploads\/2022\/05\/barren-verkaufen-degussa-goldhandel-1.jpg","contentUrl":"https:\/\/www.degussa-mp.es\/wp-content\/uploads\/2022\/05\/barren-verkaufen-degussa-goldhandel-1.jpg"},{"@type":"BreadcrumbList","@id":"https:\/\/www.degussa-mp.es\/de\/services\/ihr-verkauf-an-uns#breadcrumb","itemListElement":[{"@type":"ListItem","position":1,"name":"Home","item":"https:\/\/www.degussa-mp.es\/de"},{"@type":"ListItem","position":2,"name":"Services &#8211; Home","item":"https:\/\/www.degussa-mp.es\/de\/services"},{"@type":"ListItem","position":3,"name":"Ihr Verkauf an uns"}]},{"@type":"WebSite","@id":"https:\/\/www.degussa-mp.es\/#website","url":"https:\/\/www.degussa-mp.es\/","name":"Degussa","description":"ESPECIALISTAS EN METALES PRECIOSOS","publisher":{"@id":"https:\/\/www.degussa-mp.es\/#organization"},"potentialAction":[{"@type":"SearchAction","target":{"@type":"EntryPoint","urlTemplate":"https:\/\/www.degussa-mp.es\/?s={search_term_string}"},"query-input":{"@type":"PropertyValueSpecification","valueRequired":true,"valueName":"search_term_string"}}],"inLanguage":"de"},{"@type":"Organization","@id":"https:\/\/www.degussa-mp.es\/#organization","name":"Degussa","url":"https:\/\/www.degussa-mp.es\/","logo":{"@type":"ImageObject","inLanguage":"de","@id":"https:\/\/www.degussa-mp.es\/#\/schema\/logo\/image\/","url":"https:\/\/www.degussa-mp.es\/wp-content\/uploads\/2022\/04\/Degussa-Goldhandel-Logo.svg","contentUrl":"https:\/\/www.degussa-mp.es\/wp-content\/uploads\/2022\/04\/Degussa-Goldhandel-Logo.svg","caption":"Degussa"},"image":{"@id":"https:\/\/www.degussa-mp.es\/#\/schema\/logo\/image\/"}}]}},"_links":{"self":[{"href":"https:\/\/www.degussa-mp.es\/de\/wp-json\/wp\/v2\/pages\/133"}],"collection":[{"href":"https:\/\/www.degussa-mp.es\/de\/wp-json\/wp\/v2\/pages"}],"about":[{"href":"https:\/\/www.degussa-mp.es\/de\/wp-json\/wp\/v2\/types\/page"}],"author":[{"embeddable":true,"href":"https:\/\/www.degussa-mp.es\/de\/wp-json\/wp\/v2\/users\/1"}],"replies":[{"embeddable":true,"href":"https:\/\/www.degussa-mp.es\/de\/wp-json\/wp\/v2\/comments?post=133"}],"version-history":[{"count":42,"href":"https:\/\/www.degussa-mp.es\/de\/wp-json\/wp\/v2\/pages\/133\/revisions"}],"predecessor-version":[{"id":1676,"href":"https:\/\/www.degussa-mp.es\/de\/wp-json\/wp\/v2\/pages\/133\/revisions\/1676"}],"up":[{"embeddable":true,"href":"https:\/\/www.degussa-mp.es\/de\/wp-json\/wp\/v2\/pages\/1046"}],"wp:attachment":[{"href":"https:\/\/www.degussa-mp.es\/de\/wp-json\/wp\/v2\/media?parent=133"}],"curies":[{"name":"wp","href":"https:\/\/api.w.org\/{rel}","templated":true}]}}