{"id":12929,"date":"2022-12-09T11:51:44","date_gmt":"2022-12-09T10:51:44","guid":{"rendered":"https:\/\/spain.degussa.detail-digital.ch\/?page_id=12929"},"modified":"2022-12-09T11:53:25","modified_gmt":"2022-12-09T10:53:25","slug":"dossier","status":"publish","type":"page","link":"https:\/\/www.degussa-mp.es\/de\/presse\/dossier","title":{"rendered":"Dossier"},"content":{"rendered":"\t\t<div data-elementor-type=\"wp-page\" data-elementor-id=\"12929\" class=\"elementor elementor-12929\" data-elementor-post-type=\"page\">\n\t\t\t\t\t\t<section class=\"elementor-section elementor-top-section elementor-element elementor-element-190ad67 elementor-section-boxed elementor-section-height-default elementor-section-height-default\" data-id=\"190ad67\" data-element_type=\"section\" data-e-type=\"section\">\n\t\t\t\t\t\t<div class=\"elementor-container elementor-column-gap-default\">\n\t\t\t\t\t<div class=\"elementor-column elementor-col-100 elementor-top-column elementor-element elementor-element-32726d0\" data-id=\"32726d0\" data-element_type=\"column\" data-e-type=\"column\">\n\t\t\t<div class=\"elementor-widget-wrap elementor-element-populated\">\n\t\t\t\t\t\t<div class=\"elementor-element elementor-element-02aaa65 elementor-widget elementor-widget-subnav\" data-id=\"02aaa65\" data-element_type=\"widget\" data-e-type=\"widget\" data-widget_type=\"subnav.default\">\n\t\t\t\t<div class=\"elementor-widget-container\">\n\t\t\t\t\t        <div class=\"degussa-subnav-container subnav gold\">\n                            <div class=\"subnav-item\">\n                    <a href=\"https:\/\/www.degussa-mp.es\/prensa\/informes-de-mercado\">Informes de mercado<\/a>\n                <\/div>\n                            <div class=\"subnav-item\">\n                    <a href=\"https:\/\/www.degussa-mp.es\/prensa\/catalogos\">Cat\u00e1logos<\/a>\n                <\/div>\n                            <div class=\"subnav-item\">\n                    <a href=\"https:\/\/www.degussa-mp.es\/?page_id=10702\">Notas de prensa<\/a>\n                <\/div>\n                            <div class=\"subnav-item\">\n                    <a href=\"https:\/\/www.degussa-mp.es\/prensa\/en-la-prensa\">En la prensa<\/a>\n                <\/div>\n                            <div class=\"subnav-item\">\n                    <a href=\"https:\/\/www.degussa-mp.es\/prensa\/fotos-de-prensa\">Fotos de prensa<\/a>\n                <\/div>\n                            <div class=\"subnav-item\">\n                    <a href=\"https:\/\/www.degussa-mp.es\/prensa\/dossier\">Dossier de prensa<\/a>\n                <\/div>\n            \n        <\/div>\n        <div class=\"degussa-subnav-container empty\"><\/div>\n\n\t\t        \t\t\t\t<\/div>\n\t\t\t\t<\/div>\n\t\t\t\t\t<\/div>\n\t\t<\/div>\n\t\t\t\t\t<\/div>\n\t\t<\/section>\n\t\t\t\t<section class=\"elementor-section elementor-top-section elementor-element elementor-element-354ee54 elementor-section-boxed elementor-section-height-default elementor-section-height-default\" data-id=\"354ee54\" data-element_type=\"section\" data-e-type=\"section\">\n\t\t\t\t\t\t<div class=\"elementor-container elementor-column-gap-default\">\n\t\t\t\t\t<div class=\"elementor-column elementor-col-100 elementor-top-column elementor-element elementor-element-577fe7e\" data-id=\"577fe7e\" data-element_type=\"column\" data-e-type=\"column\">\n\t\t\t<div class=\"elementor-widget-wrap elementor-element-populated\">\n\t\t\t\t\t\t<div class=\"elementor-element elementor-element-21933c8 elementor-widget elementor-widget-heading\" data-id=\"21933c8\" data-element_type=\"widget\" data-e-type=\"widget\" data-widget_type=\"heading.default\">\n\t\t\t\t<div class=\"elementor-widget-container\">\n\t\t\t\t\t<h1 class=\"elementor-heading-title elementor-size-default\">DOSSIER DE PRENSA DE DEGUSSA<\/h1>\t\t\t\t<\/div>\n\t\t\t\t<\/div>\n\t\t\t\t\t<\/div>\n\t\t<\/div>\n\t\t\t\t\t<\/div>\n\t\t<\/section>\n\t\t\t\t<section class=\"elementor-section elementor-top-section elementor-element elementor-element-51f95aa elementor-section-boxed elementor-section-height-default elementor-section-height-default\" data-id=\"51f95aa\" data-element_type=\"section\" data-e-type=\"section\">\n\t\t\t\t\t\t<div class=\"elementor-container elementor-column-gap-default\">\n\t\t\t\t\t<div class=\"elementor-column elementor-col-100 elementor-top-column elementor-element elementor-element-59272c5\" data-id=\"59272c5\" data-element_type=\"column\" data-e-type=\"column\">\n\t\t\t<div class=\"elementor-widget-wrap elementor-element-populated\">\n\t\t\t\t\t\t<div class=\"elementor-element elementor-element-f395ddf elementor-widget elementor-widget-contentstack\" data-id=\"f395ddf\" data-element_type=\"widget\" data-e-type=\"widget\" data-widget_type=\"contentstack.default\">\n\t\t\t\t<div class=\"elementor-widget-container\">\n\t\t\t\t\t<div class=\"content-stack\"><style>.elementor-12885 .elementor-element.elementor-element-c2a3034{margin-top:0px;margin-bottom:30px;}.elementor-widget-text-editor{font-family:var( --e-global-typography-text-font-family ), Sans-serif;font-size:var( --e-global-typography-text-font-size );font-weight:var( --e-global-typography-text-font-weight );line-height:var( --e-global-typography-text-line-height );color:var( --e-global-color-text );}.elementor-widget-text-editor.elementor-drop-cap-view-stacked .elementor-drop-cap{background-color:var( --e-global-color-primary );}.elementor-widget-text-editor.elementor-drop-cap-view-framed .elementor-drop-cap, .elementor-widget-text-editor.elementor-drop-cap-view-default .elementor-drop-cap{color:var( --e-global-color-primary );border-color:var( --e-global-color-primary );}.elementor-12885 .elementor-element.elementor-element-0e1ea2b > .elementor-widget-container{margin:0px 0px 0px 0px;padding:0px 20px 0px 0px;}@media(max-width:1024px){.elementor-widget-text-editor{font-size:var( --e-global-typography-text-font-size );line-height:var( --e-global-typography-text-line-height );}}@media(max-width:767px){.elementor-widget-text-editor{font-size:var( --e-global-typography-text-font-size );line-height:var( --e-global-typography-text-line-height );}}<\/style>\t\t<div data-elementor-type=\"section\" data-elementor-id=\"12916\" class=\"elementor elementor-12916 elementor-12885 elementor-12885\" data-elementor-post-type=\"elementor_library\">\n\t\t\t\t\t<section class=\"elementor-section elementor-top-section elementor-element elementor-element-beb4b4a elementor-section-boxed elementor-section-height-default elementor-section-height-default\" data-id=\"beb4b4a\" data-element_type=\"section\" data-e-type=\"section\">\n\t\t\t\t\t\t<div class=\"elementor-container elementor-column-gap-default\">\n\t\t\t\t\t<div class=\"elementor-column elementor-col-100 elementor-top-column elementor-element elementor-element-dfbd5f3\" data-id=\"dfbd5f3\" data-element_type=\"column\" data-e-type=\"column\">\n\t\t\t<div class=\"elementor-widget-wrap elementor-element-populated\">\n\t\t\t\t\t\t<section class=\"elementor-section elementor-inner-section elementor-element elementor-element-c2a3034 elementor-section-boxed elementor-section-height-default elementor-section-height-default\" data-id=\"c2a3034\" data-element_type=\"section\" data-e-type=\"section\">\n\t\t\t\t\t\t<div class=\"elementor-container elementor-column-gap-no\">\n\t\t\t\t\t<div class=\"elementor-column elementor-col-100 elementor-inner-column elementor-element elementor-element-96e2a11\" data-id=\"96e2a11\" data-element_type=\"column\" data-e-type=\"column\">\n\t\t\t<div class=\"elementor-widget-wrap elementor-element-populated\">\n\t\t\t\t\t\t<div class=\"elementor-element elementor-element-0e1ea2b elementor-widget elementor-widget-text-editor\" data-id=\"0e1ea2b\" data-element_type=\"widget\" data-e-type=\"widget\" data-widget_type=\"text-editor.default\">\n\t\t\t\t<div class=\"elementor-widget-container\">\n\t\t\t\t\t\t\t\t\t<p>Hier finden Sie alle Informationen \u00fcber Degussa und unsere Niederlassungen. Gerne stehen wir ihnen bei Fragen auch pers\u00f6nlich zur Verf\u00fcgung.<\/p>\t\t\t\t\t\t\t\t<\/div>\n\t\t\t\t<\/div>\n\t\t\t\t\t<\/div>\n\t\t<\/div>\n\t\t\t\t\t<\/div>\n\t\t<\/section>\n\t\t\t\t<div class=\"elementor-element elementor-element-1a08b50 elementor-widget elementor-widget-documentlisting\" data-id=\"1a08b50\" data-element_type=\"widget\" data-e-type=\"widget\" data-widget_type=\"documentlisting.default\">\n\t\t\t\t<div class=\"elementor-widget-container\">\n\t\t\t\t\t\n            <div class=\"documentlist\">\n                        <a class=\"documentlist-container\" href=\"https:\/\/www.degussa-mp.es\/wp-content\/uploads\/2022\/12\/dossier-de-prensa-210616.pdf\"  target=\"_blank\" >\n                    <div class=\"documentlist-thumbnail\">\n                        <img fetchpriority=\"high\" decoding=\"async\" width=\"1272\" height=\"900\" src=\"https:\/\/www.degussa-mp.es\/wp-content\/uploads\/2022\/12\/degussa_prensa_dossier.png\" class=\"attachment-1920x900 size-1920x900\" alt=\"\" srcset=\"https:\/\/www.degussa-mp.es\/wp-content\/uploads\/2022\/12\/degussa_prensa_dossier.png 2484w, https:\/\/www.degussa-mp.es\/wp-content\/uploads\/2022\/12\/degussa_prensa_dossier-300x212.png 300w, https:\/\/www.degussa-mp.es\/wp-content\/uploads\/2022\/12\/degussa_prensa_dossier-1024x725.png 1024w, https:\/\/www.degussa-mp.es\/wp-content\/uploads\/2022\/12\/degussa_prensa_dossier-768x544.png 768w, https:\/\/www.degussa-mp.es\/wp-content\/uploads\/2022\/12\/degussa_prensa_dossier-1536x1087.png 1536w, https:\/\/www.degussa-mp.es\/wp-content\/uploads\/2022\/12\/degussa_prensa_dossier-2048x1449.png 2048w\" sizes=\"(max-width: 1272px) 100vw, 1272px\" \/>                    <\/div>\n                    <div class=\"documentlist-title\">\n                        Degussa Pressemappe                    <\/div>\n                <\/a>\n                        <\/div>\n\n\n\n        \t\t\t\t<\/div>\n\t\t\t\t<\/div>\n\t\t\t\t\t<\/div>\n\t\t<\/div>\n\t\t\t\t\t<\/div>\n\t\t<\/section>\n\t\t\t\t<\/div>\n\t\t<\/div>        \t\t\t\t<\/div>\n\t\t\t\t<\/div>\n\t\t\t\t\t<\/div>\n\t\t<\/div>\n\t\t\t\t\t<\/div>\n\t\t<\/section>\n\t\t\t\t<\/div>\n\t\t","protected":false},"excerpt":{"rendered":"<p>Informes de mercado Cat\u00e1logos Notas de prensa En la prensa Fotos de prensa Dossier de prensa DOSSIER DE PRENSA DE DEGUSSA Nuestro objetivo es mostrar toda la informaci\u00f3n relevante de Degussa y de nuestras delegaciones. Si tiene alguna duda, no dude en contactar con nosotros. Dossier de Prensa<\/p>\n","protected":false},"author":1,"featured_media":0,"parent":136,"menu_order":0,"comment_status":"closed","ping_status":"closed","template":"","meta":{"_acf_changed":false,"inline_featured_image":false,"footnotes":""},"class_list":["post-12929","page","type-page","status-publish","hentry"],"acf":[],"yoast_head":"<!-- This site is optimized with the Yoast SEO plugin v23.6 - https:\/\/yoast.com\/wordpress\/plugins\/seo\/ -->\n<title>Dossier - Degussa<\/title>\n<meta name=\"robots\" content=\"index, follow, max-snippet:-1, max-image-preview:large, max-video-preview:-1\" \/>\n<link rel=\"canonical\" href=\"https:\/\/www.degussa-mp.es\/de\/presse\/dossier\" \/>\n<meta property=\"og:locale\" content=\"de_DE\" \/>\n<meta property=\"og:type\" content=\"article\" \/>\n<meta property=\"og:title\" content=\"Dossier - Degussa\" \/>\n<meta property=\"og:description\" content=\"Informes de mercado Cat\u00e1logos Notas de prensa En la prensa Fotos de prensa Dossier de prensa DOSSIER DE PRENSA DE DEGUSSA Nuestro objetivo es mostrar toda la informaci\u00f3n relevante de Degussa y de nuestras delegaciones. Si tiene alguna duda, no dude en contactar con nosotros. Dossier de Prensa\" \/>\n<meta property=\"og:url\" content=\"https:\/\/www.degussa-mp.es\/de\/presse\/dossier\" \/>\n<meta property=\"og:site_name\" content=\"Degussa\" \/>\n<meta property=\"article:modified_time\" content=\"2022-12-09T10:53:25+00:00\" \/>\n<meta property=\"og:image\" content=\"https:\/\/www.degussa-mp.es\/wp-content\/uploads\/2022\/12\/degussa_prensa_dossier.png\" \/>\n<meta name=\"twitter:card\" content=\"summary_large_image\" \/>\n<script type=\"application\/ld+json\" class=\"yoast-schema-graph\">{\"@context\":\"https:\/\/schema.org\",\"@graph\":[{\"@type\":\"WebPage\",\"@id\":\"https:\/\/www.degussa-mp.es\/de\/presse\/dossier\",\"url\":\"https:\/\/www.degussa-mp.es\/de\/presse\/dossier\",\"name\":\"Dossier - Degussa\",\"isPartOf\":{\"@id\":\"https:\/\/www.degussa-mp.es\/#website\"},\"primaryImageOfPage\":{\"@id\":\"https:\/\/www.degussa-mp.es\/de\/presse\/dossier#primaryimage\"},\"image\":{\"@id\":\"https:\/\/www.degussa-mp.es\/de\/presse\/dossier#primaryimage\"},\"thumbnailUrl\":\"https:\/\/www.degussa-mp.es\/wp-content\/uploads\/2022\/12\/degussa_prensa_dossier.png\",\"datePublished\":\"2022-12-09T10:51:44+00:00\",\"dateModified\":\"2022-12-09T10:53:25+00:00\",\"breadcrumb\":{\"@id\":\"https:\/\/www.degussa-mp.es\/de\/presse\/dossier#breadcrumb\"},\"inLanguage\":\"de\",\"potentialAction\":[{\"@type\":\"ReadAction\",\"target\":[\"https:\/\/www.degussa-mp.es\/de\/presse\/dossier\"]}]},{\"@type\":\"ImageObject\",\"inLanguage\":\"de\",\"@id\":\"https:\/\/www.degussa-mp.es\/de\/presse\/dossier#primaryimage\",\"url\":\"https:\/\/www.degussa-mp.es\/wp-content\/uploads\/2022\/12\/degussa_prensa_dossier.png\",\"contentUrl\":\"https:\/\/www.degussa-mp.es\/wp-content\/uploads\/2022\/12\/degussa_prensa_dossier.png\"},{\"@type\":\"BreadcrumbList\",\"@id\":\"https:\/\/www.degussa-mp.es\/de\/presse\/dossier#breadcrumb\",\"itemListElement\":[{\"@type\":\"ListItem\",\"position\":1,\"name\":\"Home\",\"item\":\"https:\/\/www.degussa-mp.es\/de\"},{\"@type\":\"ListItem\",\"position\":2,\"name\":\"Presse\",\"item\":\"https:\/\/www.degussa-mp.es\/de\/presse\"},{\"@type\":\"ListItem\",\"position\":3,\"name\":\"Dossier\"}]},{\"@type\":\"WebSite\",\"@id\":\"https:\/\/www.degussa-mp.es\/#website\",\"url\":\"https:\/\/www.degussa-mp.es\/\",\"name\":\"Degussa\",\"description\":\"ESPECIALISTAS EN METALES PRECIOSOS\",\"publisher\":{\"@id\":\"https:\/\/www.degussa-mp.es\/#organization\"},\"potentialAction\":[{\"@type\":\"SearchAction\",\"target\":{\"@type\":\"EntryPoint\",\"urlTemplate\":\"https:\/\/www.degussa-mp.es\/?s={search_term_string}\"},\"query-input\":{\"@type\":\"PropertyValueSpecification\",\"valueRequired\":true,\"valueName\":\"search_term_string\"}}],\"inLanguage\":\"de\"},{\"@type\":\"Organization\",\"@id\":\"https:\/\/www.degussa-mp.es\/#organization\",\"name\":\"Degussa\",\"url\":\"https:\/\/www.degussa-mp.es\/\",\"logo\":{\"@type\":\"ImageObject\",\"inLanguage\":\"de\",\"@id\":\"https:\/\/www.degussa-mp.es\/#\/schema\/logo\/image\/\",\"url\":\"https:\/\/www.degussa-mp.es\/wp-content\/uploads\/2022\/04\/Degussa-Goldhandel-Logo.svg\",\"contentUrl\":\"https:\/\/www.degussa-mp.es\/wp-content\/uploads\/2022\/04\/Degussa-Goldhandel-Logo.svg\",\"caption\":\"Degussa\"},\"image\":{\"@id\":\"https:\/\/www.degussa-mp.es\/#\/schema\/logo\/image\/\"}}]}<\/script>\n<!-- \/ Yoast SEO plugin. -->","yoast_head_json":{"title":"Dossier - Degussa","robots":{"index":"index","follow":"follow","max-snippet":"max-snippet:-1","max-image-preview":"max-image-preview:large","max-video-preview":"max-video-preview:-1"},"canonical":"https:\/\/www.degussa-mp.es\/de\/presse\/dossier","og_locale":"de_DE","og_type":"article","og_title":"Dossier - Degussa","og_description":"Informes de mercado Cat\u00e1logos Notas de prensa En la prensa Fotos de prensa Dossier de prensa DOSSIER DE PRENSA DE DEGUSSA Nuestro objetivo es mostrar toda la informaci\u00f3n relevante de Degussa y de nuestras delegaciones. Si tiene alguna duda, no dude en contactar con nosotros. Dossier de Prensa","og_url":"https:\/\/www.degussa-mp.es\/de\/presse\/dossier","og_site_name":"Degussa","article_modified_time":"2022-12-09T10:53:25+00:00","og_image":[{"url":"https:\/\/www.degussa-mp.es\/wp-content\/uploads\/2022\/12\/degussa_prensa_dossier.png"}],"twitter_card":"summary_large_image","schema":{"@context":"https:\/\/schema.org","@graph":[{"@type":"WebPage","@id":"https:\/\/www.degussa-mp.es\/de\/presse\/dossier","url":"https:\/\/www.degussa-mp.es\/de\/presse\/dossier","name":"Dossier - Degussa","isPartOf":{"@id":"https:\/\/www.degussa-mp.es\/#website"},"primaryImageOfPage":{"@id":"https:\/\/www.degussa-mp.es\/de\/presse\/dossier#primaryimage"},"image":{"@id":"https:\/\/www.degussa-mp.es\/de\/presse\/dossier#primaryimage"},"thumbnailUrl":"https:\/\/www.degussa-mp.es\/wp-content\/uploads\/2022\/12\/degussa_prensa_dossier.png","datePublished":"2022-12-09T10:51:44+00:00","dateModified":"2022-12-09T10:53:25+00:00","breadcrumb":{"@id":"https:\/\/www.degussa-mp.es\/de\/presse\/dossier#breadcrumb"},"inLanguage":"de","potentialAction":[{"@type":"ReadAction","target":["https:\/\/www.degussa-mp.es\/de\/presse\/dossier"]}]},{"@type":"ImageObject","inLanguage":"de","@id":"https:\/\/www.degussa-mp.es\/de\/presse\/dossier#primaryimage","url":"https:\/\/www.degussa-mp.es\/wp-content\/uploads\/2022\/12\/degussa_prensa_dossier.png","contentUrl":"https:\/\/www.degussa-mp.es\/wp-content\/uploads\/2022\/12\/degussa_prensa_dossier.png"},{"@type":"BreadcrumbList","@id":"https:\/\/www.degussa-mp.es\/de\/presse\/dossier#breadcrumb","itemListElement":[{"@type":"ListItem","position":1,"name":"Home","item":"https:\/\/www.degussa-mp.es\/de"},{"@type":"ListItem","position":2,"name":"Presse","item":"https:\/\/www.degussa-mp.es\/de\/presse"},{"@type":"ListItem","position":3,"name":"Dossier"}]},{"@type":"WebSite","@id":"https:\/\/www.degussa-mp.es\/#website","url":"https:\/\/www.degussa-mp.es\/","name":"Degussa","description":"ESPECIALISTAS EN METALES PRECIOSOS","publisher":{"@id":"https:\/\/www.degussa-mp.es\/#organization"},"potentialAction":[{"@type":"SearchAction","target":{"@type":"EntryPoint","urlTemplate":"https:\/\/www.degussa-mp.es\/?s={search_term_string}"},"query-input":{"@type":"PropertyValueSpecification","valueRequired":true,"valueName":"search_term_string"}}],"inLanguage":"de"},{"@type":"Organization","@id":"https:\/\/www.degussa-mp.es\/#organization","name":"Degussa","url":"https:\/\/www.degussa-mp.es\/","logo":{"@type":"ImageObject","inLanguage":"de","@id":"https:\/\/www.degussa-mp.es\/#\/schema\/logo\/image\/","url":"https:\/\/www.degussa-mp.es\/wp-content\/uploads\/2022\/04\/Degussa-Goldhandel-Logo.svg","contentUrl":"https:\/\/www.degussa-mp.es\/wp-content\/uploads\/2022\/04\/Degussa-Goldhandel-Logo.svg","caption":"Degussa"},"image":{"@id":"https:\/\/www.degussa-mp.es\/#\/schema\/logo\/image\/"}}]}},"_links":{"self":[{"href":"https:\/\/www.degussa-mp.es\/de\/wp-json\/wp\/v2\/pages\/12929"}],"collection":[{"href":"https:\/\/www.degussa-mp.es\/de\/wp-json\/wp\/v2\/pages"}],"about":[{"href":"https:\/\/www.degussa-mp.es\/de\/wp-json\/wp\/v2\/types\/page"}],"author":[{"embeddable":true,"href":"https:\/\/www.degussa-mp.es\/de\/wp-json\/wp\/v2\/users\/1"}],"replies":[{"embeddable":true,"href":"https:\/\/www.degussa-mp.es\/de\/wp-json\/wp\/v2\/comments?post=12929"}],"version-history":[{"count":4,"href":"https:\/\/www.degussa-mp.es\/de\/wp-json\/wp\/v2\/pages\/12929\/revisions"}],"predecessor-version":[{"id":12933,"href":"https:\/\/www.degussa-mp.es\/de\/wp-json\/wp\/v2\/pages\/12929\/revisions\/12933"}],"up":[{"embeddable":true,"href":"https:\/\/www.degussa-mp.es\/de\/wp-json\/wp\/v2\/pages\/136"}],"wp:attachment":[{"href":"https:\/\/www.degussa-mp.es\/de\/wp-json\/wp\/v2\/media?parent=12929"}],"curies":[{"name":"wp","href":"https:\/\/api.w.org\/{rel}","templated":true}]}}